{"id":60,"date":"2018-08-20T22:09:55","date_gmt":"2018-08-20T20:09:55","guid":{"rendered":"https:\/\/zkbsportclub.ch\/vorstand\/?page_id=60"},"modified":"2024-04-17T13:29:23","modified_gmt":"2024-04-17T11:29:23","slug":"sponser-sportfood","status":"publish","type":"page","link":"https:\/\/zkbsportclub.ch\/vorstand\/sponser-sportfood\/","title":{"rendered":"Sponser Sportfood"},"content":{"rendered":"<h3><strong>Bestellbedingungen <\/strong><strong>f\u00fcr Produkte von Sponser Sportfood<\/strong><\/h3>\n<p><b>Allgemeines:<\/b><br \/>\nMitglieder des ZKB Sportclubs haben die M\u00f6glichkeit, Sponser Sportfood mit grossz\u00fcgigem Rabatt einzukaufen. Vom Rabatt ausgenommen sind <i>die <\/i><i><b>Accessoires &amp; Zubeh\u00f6r<\/b><\/i><i> (letzte Seite der <a href=\"https:\/\/zkbsportclub.ch\/vorstand\/wp-content\/uploads\/sites\/40\/2024\/04\/Bestellformular_04_2022.pdf\" target=\"_blank\" rel=\"noopener\">Bestell-Liste<\/a>) <\/i><\/p>\n<p><b>Bestellung:<\/b><br \/>\nDie <a href=\"https:\/\/zkbsportclub.ch\/vorstand\/wp-content\/uploads\/sites\/40\/2024\/04\/Bestellformular_04_2022.pdf\" target=\"_blank\" rel=\"noopener\">Bestell-Liste kann hier heruntergeladen<\/a> werden. Die Bestellung <b>MUSS<\/b> zentral \u00fcber den Pr\u00e4sidenten des Sportclub ZKB erfolgen.<\/p>\n<p><b>Versand:<br \/>\n<\/b>Der Versand erfolgt inkl. Rechnung direkt an die gew\u00fcnschte Adresse.<\/p>\n<p><b>Bezahlung:<\/b><br \/>\nEs wird eine Rechnung zugestellt. Der Rechnungsbetrag ist innert 10 Tagen auf das aufgef\u00fchrte Konto zu \u00fcberweisen.<\/p>\n<p><strong>Bestell-Liste <\/strong><br \/>\n<a href=\"https:\/\/zkbsportclub.ch\/vorstand\/wp-content\/uploads\/sites\/40\/2024\/04\/Bestellformular_04_2022.pdf\">Bestellformular zum Herunterladen<\/a><\/p>\n<h3>\u00dcber Sponser<\/h3>\n<div class=\"row \"><div class=\"col-lg-3 col-md-3 col-xs-12 col-sm-4\">\n<a href=\"https:\/\/www.sponser.ch\" target=\"_blank\" rel=\"noopener\"><img loading=\"lazy\" decoding=\"async\" class=\"img-responsive alignleft wp-image-68 size-full\" src=\"https:\/\/zkbsportclub.ch\/vorstand\/wp-content\/uploads\/sites\/40\/2018\/08\/logo-sponser-sportfood.png\" alt=\"\" width=\"221\" height=\"45\" \/><\/a><\/div>\n<div class=\"col-lg-9 col-md-9 col-xs-12 col-sm-8\">\nDie wissenschaftlich konzipierten Produkte der Schweizer Firma <a href=\"https:\/\/www.sponser.ch\" target=\"_blank\" rel=\"noopener\">Sponser Sportfood<\/a> decken s\u00e4mtliche Bed\u00fcrfnisse ab und stehen f\u00fcr h\u00f6chste Funktion und Vertr\u00e4glichkeit.<\/div>\n<\/div>\n<p>Olympiasieger bis hin zum Freizeitsportler vertrauen auf SPONSER-Produkte. Die zertifizierten Rohstoffe sowie deren Verarbeitung unterliegen strengsten Qualit\u00e4tsanforderungen.<\/p>\n<p>Die starke Marktpr\u00e4senz als Ern\u00e4hrungspartner an \u00fcber 100 bedeutenden Sportanl\u00e4ssen mit \u00fcber 100&#8217;000 Athleten pro Jahr sorgt ausserdem f\u00fcr einen wichtigen Praxis- und Wissenstransfer. In Kombination mit wissenschaftlichen Erkenntnissen, renommierten Hochschulen, Spitzensportlern und \u00c4rzten f\u00fchrt dies zur hohen Produkt-Qualit\u00e4t.<\/p>\n<p><a href=\"https:\/\/www.sponser.ch\" target=\"_blank\" rel=\"noopener\">www.sponser.ch<\/a><\/p>\n","protected":false},"excerpt":{"rendered":"<p>Bestellbedingungen f\u00fcr Produkte von Sponser Sportfood Allgemeines: Mitglieder des ZKB Sportclubs haben die M\u00f6glichkeit, Sponser Sportfood mit grossz\u00fcgigem Rabatt einzukaufen. Vom Rabatt ausgenommen sind die Accessoires &amp; Zubeh\u00f6r (letzte Seite der Bestell-Liste) Bestellung: Die Bestell-Liste kann hier heruntergeladen werden. Die Bestellung MUSS zentral \u00fcber den Pr\u00e4sidenten des Sportclub ZKB erfolgen. Versand: Der Versand erfolgt inkl. [&hellip;]<\/p>\n","protected":false},"author":27,"featured_media":0,"parent":0,"menu_order":0,"comment_status":"closed","ping_status":"closed","template":"sektion.php","meta":{"footnotes":""},"class_list":["post-60","page","type-page","status-publish","hentry"],"_links":{"self":[{"href":"https:\/\/zkbsportclub.ch\/vorstand\/wp-json\/wp\/v2\/pages\/60","targetHints":{"allow":["GET"]}}],"collection":[{"href":"https:\/\/zkbsportclub.ch\/vorstand\/wp-json\/wp\/v2\/pages"}],"about":[{"href":"https:\/\/zkbsportclub.ch\/vorstand\/wp-json\/wp\/v2\/types\/page"}],"author":[{"embeddable":true,"href":"https:\/\/zkbsportclub.ch\/vorstand\/wp-json\/wp\/v2\/users\/27"}],"replies":[{"embeddable":true,"href":"https:\/\/zkbsportclub.ch\/vorstand\/wp-json\/wp\/v2\/comments?post=60"}],"version-history":[{"count":19,"href":"https:\/\/zkbsportclub.ch\/vorstand\/wp-json\/wp\/v2\/pages\/60\/revisions"}],"predecessor-version":[{"id":105,"href":"https:\/\/zkbsportclub.ch\/vorstand\/wp-json\/wp\/v2\/pages\/60\/revisions\/105"}],"wp:attachment":[{"href":"https:\/\/zkbsportclub.ch\/vorstand\/wp-json\/wp\/v2\/media?parent=60"}],"curies":[{"name":"wp","href":"https:\/\/api.w.org\/{rel}","templated":true}]}}