{"id":5,"date":"2013-11-18T15:17:53","date_gmt":"2013-11-18T15:17:53","guid":{"rendered":"https:\/\/zkbsportclub.chsquash\/?page_id=5"},"modified":"2026-01-01T16:14:51","modified_gmt":"2026-01-01T15:14:51","slug":"vorstand","status":"publish","type":"page","link":"https:\/\/zkbsportclub.ch\/squash\/vorstand\/","title":{"rendered":"Vorstand"},"content":{"rendered":"<p><strong>Pr\u00e4sident<br \/>\n<\/strong>Andrea Hotz<\/p>\n<p><strong>Vizepr\u00e4sident<\/strong><br \/>\nDiego Socchi<\/p>\n<p><strong>Kassier<\/strong><br \/>\nAlbert Hess<\/p>\n<p><strong>Spielleiter<\/strong><br \/>\nUli Stein<\/p>\n<p><strong>Aktuar<\/strong><br \/>\nRen\u00e9 Schildknecht<\/p>\n<p><strong>Beisitzer<\/strong><br \/>\nJasper Sehrt<\/p>\n<p><strong>Kontakt:<\/strong> zkb-squash-club (at) zkb.ch<\/p>\n","protected":false},"excerpt":{"rendered":"<p>Pr\u00e4sident Andrea Hotz Vizepr\u00e4sident Diego Socchi Kassier Albert Hess Spielleiter Uli Stein Aktuar Ren\u00e9 Schildknecht Beisitzer Jasper Sehrt Kontakt: zkb-squash-club (at) zkb.ch<\/p>\n","protected":false},"author":1,"featured_media":0,"parent":0,"menu_order":0,"comment_status":"closed","ping_status":"closed","template":"sektion.php","meta":{"footnotes":""},"class_list":["post-5","page","type-page","status-publish","hentry"],"_links":{"self":[{"href":"https:\/\/zkbsportclub.ch\/squash\/wp-json\/wp\/v2\/pages\/5","targetHints":{"allow":["GET"]}}],"collection":[{"href":"https:\/\/zkbsportclub.ch\/squash\/wp-json\/wp\/v2\/pages"}],"about":[{"href":"https:\/\/zkbsportclub.ch\/squash\/wp-json\/wp\/v2\/types\/page"}],"author":[{"embeddable":true,"href":"https:\/\/zkbsportclub.ch\/squash\/wp-json\/wp\/v2\/users\/1"}],"replies":[{"embeddable":true,"href":"https:\/\/zkbsportclub.ch\/squash\/wp-json\/wp\/v2\/comments?post=5"}],"version-history":[{"count":16,"href":"https:\/\/zkbsportclub.ch\/squash\/wp-json\/wp\/v2\/pages\/5\/revisions"}],"predecessor-version":[{"id":581,"href":"https:\/\/zkbsportclub.ch\/squash\/wp-json\/wp\/v2\/pages\/5\/revisions\/581"}],"wp:attachment":[{"href":"https:\/\/zkbsportclub.ch\/squash\/wp-json\/wp\/v2\/media?parent=5"}],"curies":[{"name":"wp","href":"https:\/\/api.w.org\/{rel}","templated":true}]}}