{"id":205,"date":"2015-01-28T13:47:00","date_gmt":"2015-01-28T13:47:00","guid":{"rendered":"https:\/\/zkbsportclub.ch\/squash\/?page_id=205"},"modified":"2025-05-12T21:44:47","modified_gmt":"2025-05-12T19:44:47","slug":"home-2","status":"publish","type":"page","link":"https:\/\/zkbsportclub.ch\/squash\/","title":{"rendered":"Home"},"content":{"rendered":"<h2>\u00fcber uns<\/h2>\n<p>Die Sektion Squash, gegr\u00fcndet 1996, umfasst ca. 40 Mitglieder. Bei uns ist sowohl der Anf\u00e4nger und Plauschspieler als auch der Fortgeschrittene anzutreffen, der in der Firmenmeisterschaft seine B\u00e4lle schl\u00e4gt. Wir spielen jeden Dienstag von 17:45 \u2013 20:00 im newVITIS in Schlieren an der Ifangstrasse 15 mit anschliessendem Nachtessen (Restaurant Da Paulo, Goldschl\u00e4giplatz 1, Schlieren). Im Winterhalbjahr stellen wir Teams f\u00fcr die Firmenmeisterschaft der Region Z\u00fcrich. Wir freuen uns \u00fcber neue Kolleginnen oder Kollegen, sei es zum Plausch, sei es f\u00fcr die Firmenmeisterschaft.<\/p>\n<p><strong>Schau dir unser <a href=\"https:\/\/www.youtube.com\/watch?v=WnXCOLTfljQ\">Teaser-Video<\/a> auf YouTube an!<\/strong><\/p>\n<h2>Jahresprogramm 2025<\/h2>\n<ul>\n<li><strong>Clubmeisterschaft<\/strong><br \/>\nDienstag, 6. Mai<br \/>\nOrt: VITIS<br \/>\nOrganisation: Simon Leu<\/li>\n<li><strong>Besuch Eisenbahnbetriebslabor<\/strong><br \/>\nMittwoch, 18. Juni<br \/>\nOrt: D\u00fcbendorf<br \/>\nOrganisation: Franz Wilhelm<\/li>\n<li><strong>Squash-Weekend<\/strong><br \/>\n8. \u2013 10. August<br \/>\nOrt: Murten<br \/>\nOrganisation: Markus Affolter<\/li>\n<li><strong>Trainings-Weekend<\/strong><br \/>\nDatum noch offen<br \/>\nOrt: VITIS<br \/>\nOrganisation: Markus Affolter<\/li>\n<li><strong>Weihnachtsessen<\/strong><br \/>\nDienstag, 9. Dezember<br \/>\nOrt: Restaurant Da Paulo, Schlieren<br \/>\nOrganisation: Uli Stein<\/li>\n<\/ul>\n","protected":false},"excerpt":{"rendered":"<p>\u00fcber uns Die Sektion Squash, gegr\u00fcndet 1996, umfasst ca. 40 Mitglieder. Bei uns ist sowohl der Anf\u00e4nger und Plauschspieler als auch der Fortgeschrittene anzutreffen, der in der Firmenmeisterschaft seine B\u00e4lle schl\u00e4gt. Wir spielen jeden Dienstag von 17:45 \u2013 20:00 im newVITIS in Schlieren an der Ifangstrasse 15 mit anschliessendem Nachtessen (Restaurant Da Paulo, Goldschl\u00e4giplatz 1, [&hellip;]<\/p>\n","protected":false},"author":1,"featured_media":0,"parent":0,"menu_order":0,"comment_status":"closed","ping_status":"closed","template":"sektion.php","meta":{"footnotes":""},"class_list":["post-205","page","type-page","status-publish","hentry"],"_links":{"self":[{"href":"https:\/\/zkbsportclub.ch\/squash\/wp-json\/wp\/v2\/pages\/205","targetHints":{"allow":["GET"]}}],"collection":[{"href":"https:\/\/zkbsportclub.ch\/squash\/wp-json\/wp\/v2\/pages"}],"about":[{"href":"https:\/\/zkbsportclub.ch\/squash\/wp-json\/wp\/v2\/types\/page"}],"author":[{"embeddable":true,"href":"https:\/\/zkbsportclub.ch\/squash\/wp-json\/wp\/v2\/users\/1"}],"replies":[{"embeddable":true,"href":"https:\/\/zkbsportclub.ch\/squash\/wp-json\/wp\/v2\/comments?post=205"}],"version-history":[{"count":24,"href":"https:\/\/zkbsportclub.ch\/squash\/wp-json\/wp\/v2\/pages\/205\/revisions"}],"predecessor-version":[{"id":576,"href":"https:\/\/zkbsportclub.ch\/squash\/wp-json\/wp\/v2\/pages\/205\/revisions\/576"}],"wp:attachment":[{"href":"https:\/\/zkbsportclub.ch\/squash\/wp-json\/wp\/v2\/media?parent=205"}],"curies":[{"name":"wp","href":"https:\/\/api.w.org\/{rel}","templated":true}]}}