{"id":159,"date":"2015-01-28T13:34:47","date_gmt":"2015-01-28T13:34:47","guid":{"rendered":"https:\/\/zkbsportclub.ch\/squash\/?page_id=159"},"modified":"2025-11-30T15:30:33","modified_gmt":"2025-11-30T14:30:33","slug":"mitgliedschaft-2","status":"publish","type":"page","link":"https:\/\/zkbsportclub.ch\/squash\/mitgliedschaft-2\/","title":{"rendered":"Mitgliedschaft"},"content":{"rendered":"<p>Interessierte k\u00f6nnen bei uns kostenfrei zwei bis drei Mal schnuppern kommen und sich ein Bild von unserem Clubleben machen. F\u00fcr den Beitritt zur Sektion Squash gibt es eine Beitrittserkl\u00e4rung.<br \/>\nNicht-ZKB-Mitarbeiter (&#8222;G\u00e4ste&#8220;) brauchen einen G\u00f6tti, der sie bei uns einf\u00fchrt und sich um sie k\u00fcmmert.<\/p>\n<table style=\"width: 376px;height: 120px\" border=\"0\">\n<tbody>\n<tr style=\"height: 30px\">\n<td style=\"width: 182px;height: 30px\"><strong>Status<\/strong><\/td>\n<td style=\"width: 194px;height: 30px\"><strong>Jahresbeitrag<\/strong><\/td>\n<\/tr>\n<tr style=\"height: 30px\">\n<td style=\"width: 182px;height: 30px\">ZKB-Einzelmitglied<\/td>\n<td style=\"width: 194px;height: 30px\">CHF 240.-<\/td>\n<\/tr>\n<tr style=\"height: 30px\">\n<td style=\"width: 182px;height: 30px\">Gast-Einzelmitglied<\/td>\n<td style=\"width: 194px;height: 30px\">CHF 360.-<\/td>\n<\/tr>\n<tr style=\"height: 30px\">\n<td style=\"width: 182px;height: 30px\">Passivmitglied<\/td>\n<td style=\"width: 194px;height: 30px\">CHF 40.-<\/td>\n<\/tr>\n<\/tbody>\n<\/table>\n<p><strong>Statuten<\/strong><br \/>\n<a href=\"https:\/\/zkbsportclub.ch\/squash\/wp-content\/uploads\/sites\/28\/2021\/04\/Statuten_2020.09.02.pdf\" target=\"_blank\" rel=\"noopener noreferrer\">Statuten der Sektion Squash<\/a><\/p>\n<p><strong>Beitrittserkl\u00e4rung<\/strong><br \/>\n<a href=\"https:\/\/zkbsportclub.ch\/squash\/wp-content\/uploads\/sites\/28\/2025\/11\/Beitrittserklaerung.pdf\" target=\"_blank\" rel=\"noopener noreferrer\">Beitrittserkl\u00e4rung zur Sektion Squash<\/a><\/p>\n<p><strong>Kontaktpersonen f\u00fcr Fragen<\/strong><br \/>\nUli Stein (Spielleiter)<\/p>\n","protected":false},"excerpt":{"rendered":"<p>Interessierte k\u00f6nnen bei uns kostenfrei zwei bis drei Mal schnuppern kommen und sich ein Bild von unserem Clubleben machen. F\u00fcr den Beitritt zur Sektion Squash gibt es eine Beitrittserkl\u00e4rung. Nicht-ZKB-Mitarbeiter (&#8222;G\u00e4ste&#8220;) brauchen einen G\u00f6tti, der sie bei uns einf\u00fchrt und sich um sie k\u00fcmmert. Status Jahresbeitrag ZKB-Einzelmitglied CHF 240.- Gast-Einzelmitglied CHF 360.- Passivmitglied CHF 40.- [&hellip;]<\/p>\n","protected":false},"author":1,"featured_media":0,"parent":0,"menu_order":0,"comment_status":"closed","ping_status":"closed","template":"sektion.php","meta":{"footnotes":""},"class_list":["post-159","page","type-page","status-publish","hentry"],"_links":{"self":[{"href":"https:\/\/zkbsportclub.ch\/squash\/wp-json\/wp\/v2\/pages\/159","targetHints":{"allow":["GET"]}}],"collection":[{"href":"https:\/\/zkbsportclub.ch\/squash\/wp-json\/wp\/v2\/pages"}],"about":[{"href":"https:\/\/zkbsportclub.ch\/squash\/wp-json\/wp\/v2\/types\/page"}],"author":[{"embeddable":true,"href":"https:\/\/zkbsportclub.ch\/squash\/wp-json\/wp\/v2\/users\/1"}],"replies":[{"embeddable":true,"href":"https:\/\/zkbsportclub.ch\/squash\/wp-json\/wp\/v2\/comments?post=159"}],"version-history":[{"count":30,"href":"https:\/\/zkbsportclub.ch\/squash\/wp-json\/wp\/v2\/pages\/159\/revisions"}],"predecessor-version":[{"id":579,"href":"https:\/\/zkbsportclub.ch\/squash\/wp-json\/wp\/v2\/pages\/159\/revisions\/579"}],"wp:attachment":[{"href":"https:\/\/zkbsportclub.ch\/squash\/wp-json\/wp\/v2\/media?parent=159"}],"curies":[{"name":"wp","href":"https:\/\/api.w.org\/{rel}","templated":true}]}}