{"id":152,"date":"2014-06-04T13:54:24","date_gmt":"2014-06-04T13:54:24","guid":{"rendered":"https:\/\/zkbsportclub.ch\/sportundfreizeitwinterthur\/?page_id=152"},"modified":"2019-06-17T17:25:15","modified_gmt":"2019-06-17T15:25:15","slug":"veranstaltungskalender","status":"publish","type":"page","link":"https:\/\/zkbsportclub.ch\/sportundfreizeitwinterthur\/veranstaltungskalender\/","title":{"rendered":"Veranstaltungskalender"},"content":{"rendered":"<p>Der Veranstaltungskalender kann beim Vorstand bezogen werden und wird regelm\u00e4ssig allen Mitgliederinnen und Mitgliedern per E-Mail verschickt. N\u00e4here Infos sowie Anmeldem\u00f6glichkeiten folgen kurz vor den jeweiligen Anl\u00e4ssen.<\/p>\n<p>Gerne nehmen wir jederzeit Ideen f\u00fcr Anl\u00e4sse entgegen. Dazu freuen wir uns \u00fcber Mitglieder, die sich im Verein speziell engagieren m\u00f6chten.<\/p>\n<p>Sport- und Freizeitclub Winterthur<\/p>\n<p>Fabian Sch\u00f6ni (Pr\u00e4sident), Beat Wyss (Vizepr\u00e4sident), Stefan H\u00e4usler (Aktuar), Robin Wieser (Kassier)<\/p>\n","protected":false},"excerpt":{"rendered":"<p>Der Veranstaltungskalender kann beim Vorstand bezogen werden und wird regelm\u00e4ssig allen Mitgliederinnen und Mitgliedern per E-Mail verschickt. N\u00e4here Infos sowie Anmeldem\u00f6glichkeiten folgen kurz vor den jeweiligen Anl\u00e4ssen. Gerne nehmen wir jederzeit Ideen f\u00fcr Anl\u00e4sse entgegen. Dazu freuen wir uns \u00fcber Mitglieder, die sich im Verein speziell engagieren m\u00f6chten. Sport- und Freizeitclub Winterthur Fabian Sch\u00f6ni (Pr\u00e4sident), [&hellip;]<\/p>\n","protected":false},"author":27,"featured_media":0,"parent":0,"menu_order":0,"comment_status":"closed","ping_status":"closed","template":"sektion.php","meta":{"footnotes":""},"class_list":["post-152","page","type-page","status-publish","hentry"],"_links":{"self":[{"href":"https:\/\/zkbsportclub.ch\/sportundfreizeitwinterthur\/wp-json\/wp\/v2\/pages\/152","targetHints":{"allow":["GET"]}}],"collection":[{"href":"https:\/\/zkbsportclub.ch\/sportundfreizeitwinterthur\/wp-json\/wp\/v2\/pages"}],"about":[{"href":"https:\/\/zkbsportclub.ch\/sportundfreizeitwinterthur\/wp-json\/wp\/v2\/types\/page"}],"author":[{"embeddable":true,"href":"https:\/\/zkbsportclub.ch\/sportundfreizeitwinterthur\/wp-json\/wp\/v2\/users\/27"}],"replies":[{"embeddable":true,"href":"https:\/\/zkbsportclub.ch\/sportundfreizeitwinterthur\/wp-json\/wp\/v2\/comments?post=152"}],"version-history":[{"count":14,"href":"https:\/\/zkbsportclub.ch\/sportundfreizeitwinterthur\/wp-json\/wp\/v2\/pages\/152\/revisions"}],"predecessor-version":[{"id":206,"href":"https:\/\/zkbsportclub.ch\/sportundfreizeitwinterthur\/wp-json\/wp\/v2\/pages\/152\/revisions\/206"}],"wp:attachment":[{"href":"https:\/\/zkbsportclub.ch\/sportundfreizeitwinterthur\/wp-json\/wp\/v2\/media?parent=152"}],"curies":[{"name":"wp","href":"https:\/\/api.w.org\/{rel}","templated":true}]}}