{"id":349,"date":"2024-11-20T21:52:42","date_gmt":"2024-11-20T20:52:42","guid":{"rendered":"https:\/\/zkbsportclub.ch\/ski\/?page_id=349"},"modified":"2025-10-10T09:59:32","modified_gmt":"2025-10-10T07:59:32","slug":"beitritt","status":"publish","type":"page","link":"https:\/\/zkbsportclub.ch\/ski\/verein\/beitritt\/","title":{"rendered":"Beitritt"},"content":{"rendered":"\n<p>Wir freuen uns auf neue Mitglieder, die an unsere Aktivit\u00e4ten teilnehmen, diese mitgestalten oder ansonsten dabei sein m\u00f6chten!<\/p>\n\n\n\n<p>Mitgliederbeitr\u00e4ge f\u00fcr die Saison 2025-2026:<br>Alpin: CHF 100<br>Langlauf: CHF 40<br>Beides: CHF 100<\/p>\n\n\n\n<p>F\u00fcll das <a href=\"https:\/\/zkbsportclub.ch\/ski\/wp-content\/uploads\/sites\/31\/2024\/11\/Beitrittsformular_ZKB_Skiclub.docx\" data-type=\"attachment\" data-id=\"360\">Beitrittsformular<\/a> aus und stell dies <a href=\"mailto:tobias.schade@zkb.ch\" data-type=\"mailto\" data-id=\"mailto:tobias.schade@zkb.ch\">unserem Kassierer<\/a> zu!<\/p>\n\n\n\n<p><\/p>\n","protected":false},"excerpt":{"rendered":"<p>Wir freuen uns auf neue Mitglieder, die an unsere Aktivit\u00e4ten teilnehmen, diese mitgestalten oder ansonsten dabei sein m\u00f6chten! Mitgliederbeitr\u00e4ge f\u00fcr die Saison 2025-2026:Alpin: CHF 100Langlauf: CHF 40Beides: CHF 100 F\u00fcll das Beitrittsformular aus und stell dies unserem Kassierer zu!<\/p>\n","protected":false},"author":39,"featured_media":0,"parent":329,"menu_order":0,"comment_status":"closed","ping_status":"closed","template":"sektion.php","meta":{"footnotes":""},"class_list":["post-349","page","type-page","status-publish","hentry"],"_links":{"self":[{"href":"https:\/\/zkbsportclub.ch\/ski\/wp-json\/wp\/v2\/pages\/349","targetHints":{"allow":["GET"]}}],"collection":[{"href":"https:\/\/zkbsportclub.ch\/ski\/wp-json\/wp\/v2\/pages"}],"about":[{"href":"https:\/\/zkbsportclub.ch\/ski\/wp-json\/wp\/v2\/types\/page"}],"author":[{"embeddable":true,"href":"https:\/\/zkbsportclub.ch\/ski\/wp-json\/wp\/v2\/users\/39"}],"replies":[{"embeddable":true,"href":"https:\/\/zkbsportclub.ch\/ski\/wp-json\/wp\/v2\/comments?post=349"}],"version-history":[{"count":3,"href":"https:\/\/zkbsportclub.ch\/ski\/wp-json\/wp\/v2\/pages\/349\/revisions"}],"predecessor-version":[{"id":403,"href":"https:\/\/zkbsportclub.ch\/ski\/wp-json\/wp\/v2\/pages\/349\/revisions\/403"}],"up":[{"embeddable":true,"href":"https:\/\/zkbsportclub.ch\/ski\/wp-json\/wp\/v2\/pages\/329"}],"wp:attachment":[{"href":"https:\/\/zkbsportclub.ch\/ski\/wp-json\/wp\/v2\/media?parent=349"}],"curies":[{"name":"wp","href":"https:\/\/api.w.org\/{rel}","templated":true}]}}