{"id":3,"date":"2013-11-18T15:17:44","date_gmt":"2013-11-18T14:17:44","guid":{"rendered":"https:\/\/zkbsportclub.chski\/?page_id=3"},"modified":"2024-10-09T10:54:43","modified_gmt":"2024-10-09T08:54:43","slug":"home","status":"publish","type":"page","link":"https:\/\/zkbsportclub.ch\/ski\/","title":{"rendered":"Home"},"content":{"rendered":"<p>Herzlich willkommen auf der Info-Seite vom Skiclub ZKB.<\/p>\n<p>Der Verein bietet im Bereich Ski Alpin Technik- und Riesenslalomtrainings an und kann auch extern organisierte Trainings und Kurse unterst\u00fctzen.<\/p>\n<p>Im Bereich Langlauf unterst\u00fctzt der Verein die Teilnahme an externen Kursen und bietet Trainings an.<\/p>\n<p>Ziel ist die j\u00e4hrliche Teilnahme am Ski Meeting Interbancario Europeo mit zahlreichen Vereinsmitgliedern im Riesenlalom als auch im Langlauf.<\/p>\n<p>Die Teilnahme an Kursen und Trainings setzt keine Teilnahme am Ski Meeting Interbancario Europeo voraus.<\/p>\n<p>Bei entsprechender Nachfrage kann der Verein jederzeit weitere Angebote im Bereich Skisport, oder im Zusammenhang mit Skisport anbieten.<\/p>\n<p>Zusammenhalt und Geselligkeit werden mit entsprechenden Anl\u00e4ssen gef\u00f6rdert.<\/p>\n<p>Informiere dich \u00fcber unser Angebot und mach mit!<\/p>\n<p><strong>Ansprechpartner<\/strong><br \/>\nAlpin &#8211; Olivier Herbelin, IICA,\u00a0 Tel. 044 292 30 73, olivier.herbelin@zkb.ch<br \/>\nLanglauf &#8211; Antti Peltonen, SAVL, Tel. 044 292 74 07, antti.peltonen@zkb.ch<\/p>\n","protected":false},"excerpt":{"rendered":"<p>Herzlich willkommen auf der Info-Seite vom Skiclub ZKB. Der Verein bietet im Bereich Ski Alpin Technik- und Riesenslalomtrainings an und kann auch extern organisierte Trainings und Kurse unterst\u00fctzen. Im Bereich Langlauf unterst\u00fctzt der Verein die Teilnahme an externen Kursen und bietet Trainings an. Ziel ist die j\u00e4hrliche Teilnahme am Ski Meeting Interbancario Europeo mit zahlreichen [&hellip;]<\/p>\n","protected":false},"author":1,"featured_media":144,"parent":0,"menu_order":0,"comment_status":"closed","ping_status":"closed","template":"sektion.php","meta":{"footnotes":""},"class_list":["post-3","page","type-page","status-publish","has-post-thumbnail","hentry"],"_links":{"self":[{"href":"https:\/\/zkbsportclub.ch\/ski\/wp-json\/wp\/v2\/pages\/3","targetHints":{"allow":["GET"]}}],"collection":[{"href":"https:\/\/zkbsportclub.ch\/ski\/wp-json\/wp\/v2\/pages"}],"about":[{"href":"https:\/\/zkbsportclub.ch\/ski\/wp-json\/wp\/v2\/types\/page"}],"author":[{"embeddable":true,"href":"https:\/\/zkbsportclub.ch\/ski\/wp-json\/wp\/v2\/users\/1"}],"replies":[{"embeddable":true,"href":"https:\/\/zkbsportclub.ch\/ski\/wp-json\/wp\/v2\/comments?post=3"}],"version-history":[{"count":11,"href":"https:\/\/zkbsportclub.ch\/ski\/wp-json\/wp\/v2\/pages\/3\/revisions"}],"predecessor-version":[{"id":328,"href":"https:\/\/zkbsportclub.ch\/ski\/wp-json\/wp\/v2\/pages\/3\/revisions\/328"}],"wp:featuredmedia":[{"embeddable":true,"href":"https:\/\/zkbsportclub.ch\/ski\/wp-json\/wp\/v2\/media\/144"}],"wp:attachment":[{"href":"https:\/\/zkbsportclub.ch\/ski\/wp-json\/wp\/v2\/media?parent=3"}],"curies":[{"name":"wp","href":"https:\/\/api.w.org\/{rel}","templated":true}]}}