{"id":187,"date":"2022-10-05T12:33:54","date_gmt":"2022-10-05T10:33:54","guid":{"rendered":"https:\/\/zkbsportclub.ch\/ski\/?page_id=187"},"modified":"2025-10-10T09:45:07","modified_gmt":"2025-10-10T07:45:07","slug":"ski-alpin-2","status":"publish","type":"page","link":"https:\/\/zkbsportclub.ch\/ski\/ski-alpin-2\/","title":{"rendered":"Ski Alpin"},"content":{"rendered":"<div class=\"wp-block-image\">\n<figure class=\"aligncenter size-large is-resized\"><a href=\"https:\/\/zkbsportclub.ch\/ski\/wp-content\/uploads\/sites\/31\/2024\/08\/alpin_header.jpg\" data-rel=\"lightbox-image-0\" data-rl_title=\"\" data-rl_caption=\"\" title=\"\"><img loading=\"lazy\" decoding=\"async\" width=\"1024\" height=\"585\" src=\"https:\/\/zkbsportclub.ch\/ski\/wp-content\/uploads\/sites\/31\/2024\/08\/alpin_header-1024x585.jpg\" alt=\"\" class=\"wp-image-303\" style=\"width:auto;height:300px\" srcset=\"https:\/\/zkbsportclub.ch\/ski\/wp-content\/uploads\/sites\/31\/2024\/08\/alpin_header-1024x585.jpg 1024w, https:\/\/zkbsportclub.ch\/ski\/wp-content\/uploads\/sites\/31\/2024\/08\/alpin_header-300x171.jpg 300w, https:\/\/zkbsportclub.ch\/ski\/wp-content\/uploads\/sites\/31\/2024\/08\/alpin_header-768x439.jpg 768w, https:\/\/zkbsportclub.ch\/ski\/wp-content\/uploads\/sites\/31\/2024\/08\/alpin_header-1536x878.jpg 1536w, https:\/\/zkbsportclub.ch\/ski\/wp-content\/uploads\/sites\/31\/2024\/08\/alpin_header.jpg 1598w\" sizes=\"auto, (max-width: 1024px) 100vw, 1024px\" \/><\/a><\/figure>\n<\/div>\n\n\n<p><br>In der Saison 2025-2025 besteht unser Alpin-Angebot aus folgenden Veranstaltungen:<\/p>\n\n\n\n<ul class=\"wp-block-list\">\n<li>Technik- und Riesenslalomtraining in Davos 29.11.-2.12.2025 (Samstag Einfahren und Technik, Sonntag-Dienstag Riesenslalom, Langlauftraining Samstag-Sonntag)<\/li>\n\n\n\n<li>Technik-und Riesenslalomtraining in St. Moritz 10-11.1.2026<\/li>\n\n\n\n<li>Ski Meeting Interbancario Europeo in Lenggries 25-31.1.2026<\/li>\n\n\n\n<li>Clubmeisterschaft Skiclub Davos Sektion Z\u00fcrich 19-21.2.2026<\/li>\n\n\n\n<li>Gemeinsamer Pistenplausch in Flumserberg am 21.3.2026<\/li>\n<\/ul>\n\n\n\n<p><a href=\"mailto:olivier.herbelin@zkb.ch?subject=AnmeldungDavos\" data-type=\"mailto\" data-id=\"mailto:olivier.herbelin@zkb.ch?subject=AnmeldungDavos\">Anmeldung<\/a><\/p>\n\n\n\n<p><\/p>\n\n\n\n<h3 class=\"wp-block-heading\">Gemeinsamer Pistenplausch in Flumserberg<\/h3>\n\n\n\n<p>Frische Bergluft und weisse H\u00e4nge \u2013 bist du dabei? Wir freuen uns auf einen sportlichen und geselligen Tag auf den Pisten des Flumserbergs. Ob auf Ski oder Snowboard \u2013 geniesse die Abfahrten,&nbsp;spannende Gespr\u00e4che auf dem Sessellift und ein gem\u00fctliches Mittagessen in der Bergh\u00fctte.<\/p>\n\n\n\n<p><strong>Der Pistenplausch steht allen offen \u2013 auch allen ohne Mitgliedschaft im ZKB Skiclub.<\/strong><\/p>\n\n\n\n<p><strong>Wann:<\/strong> Samstag, 21. M\u00e4rz 2026 <br><strong>Wo:<\/strong> Flumserberg<br><strong>Anreise:<\/strong> Gemeinsam im Zug, Abfahrt um 7:12 Uhr ab Z\u00fcrich HB (IR35) bis Unterterzen<br><strong>Voraussetzung:<\/strong> Sicher auf Ski oder Snowboard<br><strong>Ausr\u00fcstung:<\/strong> Selbst mitbringen oder vor Ort mieten<br><strong>Lunch:<\/strong> Gemeinsam in der Bergh\u00fctte, wir reservieren einen grossen Tisch<br><strong>Kosten:<\/strong> Ca. CHF 80.\u2013 f\u00fcr Zug und Bergbahn (Buchung selbstst\u00e4ndig via Snow&#8217;n&#8217;Rail), Lunch je nach verbrannten Kalorien<br><strong>Besonderes Highlight: <\/strong>Der ZKB Skiclub offeriert allen Teilnehmenden zum Start ein Kafi &amp; Gipfeli.<br><strong>Wichtig: <\/strong>Die Pl\u00e4tze sind begrenzt. Melde dich daher fr\u00fchzeitig an. Wir behalten uns vor, den Pistenplausch bei schlechtem Wetter abzusagen.<\/p>\n\n\n\n<p><strong>Anmeldung:<\/strong> <a href=\"https:\/\/collab.prod.zkb.ch\/events\/f46e24ee-1c9d-4cd1-a4bb-9457cdd4304b\/Seiten\/default.aspx\">Im Intranet<\/a> oder per <a href=\"mailto:simone.wyder@zkb.ch\">E-Mail<\/a> anmelden<\/p>\n\n\n\n<p><\/p>\n\n\n\n<p><\/p>\n\n\n\n<p><\/p>\n\n\n\n<h3 class=\"wp-block-heading\">Unsere Coaches<\/h3>\n\n\n\n<div class=\"wp-block-columns is-layout-flex wp-container-core-columns-is-layout-9d6595d7 wp-block-columns-is-layout-flex\">\n<div class=\"wp-block-column is-layout-flow wp-block-column-is-layout-flow\" style=\"flex-basis:100%\">\n<figure class=\"wp-block-table is-style-stripes\"><table class=\"has-fixed-layout\"><tbody><tr><td><strong>Reto Cahenzli<\/strong> (Training in Davos)<\/td><td><\/td><td><strong>Sandro Viletta<\/strong> (Training in St. Moritz)<\/td><td><\/td><\/tr><tr><td><img loading=\"lazy\" decoding=\"async\" width=\"475\" height=\"1073\" class=\"wp-image-370\" style=\"width: 150px\" src=\"https:\/\/zkbsportclub.ch\/ski\/wp-content\/uploads\/sites\/31\/2024\/11\/cahenzli_portrait.png\" alt=\"\" srcset=\"https:\/\/zkbsportclub.ch\/ski\/wp-content\/uploads\/sites\/31\/2024\/11\/cahenzli_portrait.png 475w, https:\/\/zkbsportclub.ch\/ski\/wp-content\/uploads\/sites\/31\/2024\/11\/cahenzli_portrait-133x300.png 133w, https:\/\/zkbsportclub.ch\/ski\/wp-content\/uploads\/sites\/31\/2024\/11\/cahenzli_portrait-453x1024.png 453w\" sizes=\"auto, (max-width: 475px) 100vw, 475px\" \/><\/td><td>Ich bin im Sommer selbst\u00e4ndiger M\u00f6belschreiner und im Winter selbst\u00e4ndiger Coach &amp; Skilehrer (Swiss Snow Pro mit Expert Status). W\u00e4hrend meiner aktiven Karriere habe ich FIS und Europa-Cup Rennen bestritten. 1991 wurde ich in Aspen Ausdauer-Weltmeister im 24-Stunden-Rennen (84 Abfahrten \u00e0 ca. 4km). Nach und nach habe ich dann begonnen auch Race-Teams von Banken zu trainieren und Skiweekends zu organisieren. Daraus entstanden \u00fcber die Jahre grosse Freundschaften und lustige, unvergessliche Stunden. Ich freue mich sehr aufs Team ZKB und bin mit voller Motivation parat f\u00fcr euch!<br><\/td><td><img loading=\"lazy\" decoding=\"async\" width=\"1707\" height=\"2560\" class=\"wp-image-371\" style=\"width: 150px\" src=\"https:\/\/zkbsportclub.ch\/ski\/wp-content\/uploads\/sites\/31\/2024\/11\/viletta_portrait-scaled.jpg\" alt=\"\" srcset=\"https:\/\/zkbsportclub.ch\/ski\/wp-content\/uploads\/sites\/31\/2024\/11\/viletta_portrait-scaled.jpg 1707w, https:\/\/zkbsportclub.ch\/ski\/wp-content\/uploads\/sites\/31\/2024\/11\/viletta_portrait-200x300.jpg 200w, https:\/\/zkbsportclub.ch\/ski\/wp-content\/uploads\/sites\/31\/2024\/11\/viletta_portrait-683x1024.jpg 683w, https:\/\/zkbsportclub.ch\/ski\/wp-content\/uploads\/sites\/31\/2024\/11\/viletta_portrait-768x1152.jpg 768w, https:\/\/zkbsportclub.ch\/ski\/wp-content\/uploads\/sites\/31\/2024\/11\/viletta_portrait-1024x1536.jpg 1024w, https:\/\/zkbsportclub.ch\/ski\/wp-content\/uploads\/sites\/31\/2024\/11\/viletta_portrait-1366x2048.jpg 1366w\" sizes=\"auto, (max-width: 1707px) 100vw, 1707px\" \/><\/td><td>Mein Name ist Sandro Viletta ich bin ehemaliger Athlet der Nationalmannschaft und Olympiasieger. Meine grosse Leidenschaft ist der Skisport. Seit meinem R\u00fccktritt 2018 arbeitete ich in verschiedenen Funktionen im Skirennsport, als Trainer bei Swiss-ski oder als Privattrainer, Konditionstrainer und Mentaltrainer. Zurzeit arbeite ich am Sportgymnasium in Davos und bilde da junge Skifahrer aus.<\/td><\/tr><\/tbody><\/table><\/figure>\n<\/div>\n<\/div>\n","protected":false},"excerpt":{"rendered":"<p>In der Saison 2025-2025 besteht unser Alpin-Angebot aus folgenden Veranstaltungen: Anmeldung Gemeinsamer Pistenplausch in Flumserberg Frische Bergluft und weisse H\u00e4nge \u2013 bist du dabei? Wir freuen uns auf einen sportlichen und geselligen Tag auf den Pisten des Flumserbergs. Ob auf Ski oder Snowboard \u2013 geniesse die Abfahrten,&nbsp;spannende Gespr\u00e4che auf dem Sessellift und ein gem\u00fctliches Mittagessen [&hellip;]<\/p>\n","protected":false},"author":39,"featured_media":0,"parent":0,"menu_order":4,"comment_status":"closed","ping_status":"closed","template":"sektion.php","meta":{"footnotes":""},"class_list":["post-187","page","type-page","status-publish","hentry"],"_links":{"self":[{"href":"https:\/\/zkbsportclub.ch\/ski\/wp-json\/wp\/v2\/pages\/187","targetHints":{"allow":["GET"]}}],"collection":[{"href":"https:\/\/zkbsportclub.ch\/ski\/wp-json\/wp\/v2\/pages"}],"about":[{"href":"https:\/\/zkbsportclub.ch\/ski\/wp-json\/wp\/v2\/types\/page"}],"author":[{"embeddable":true,"href":"https:\/\/zkbsportclub.ch\/ski\/wp-json\/wp\/v2\/users\/39"}],"replies":[{"embeddable":true,"href":"https:\/\/zkbsportclub.ch\/ski\/wp-json\/wp\/v2\/comments?post=187"}],"version-history":[{"count":29,"href":"https:\/\/zkbsportclub.ch\/ski\/wp-json\/wp\/v2\/pages\/187\/revisions"}],"predecessor-version":[{"id":397,"href":"https:\/\/zkbsportclub.ch\/ski\/wp-json\/wp\/v2\/pages\/187\/revisions\/397"}],"wp:attachment":[{"href":"https:\/\/zkbsportclub.ch\/ski\/wp-json\/wp\/v2\/media?parent=187"}],"curies":[{"name":"wp","href":"https:\/\/api.w.org\/{rel}","templated":true}]}}