{"id":176,"date":"2022-08-19T17:21:43","date_gmt":"2022-08-19T15:21:43","guid":{"rendered":"https:\/\/zkbsportclub.ch\/ski\/?page_id=176"},"modified":"2025-10-10T09:54:44","modified_gmt":"2025-10-10T07:54:44","slug":"interbancario-europeo","status":"publish","type":"page","link":"https:\/\/zkbsportclub.ch\/ski\/interbancario-europeo\/","title":{"rendered":"Interbancario Europeo"},"content":{"rendered":"\n<p>Das Ski Meeting Interbancario Europeo ist ein Anlass f\u00fcr europ\u00e4ische Bankangestellte, die gerne rennm\u00e4ssig Skifahren und Langlaufen und eine gesellige Woche unter Gleichgesinnten verbringen. Kommenden Winter findet die Veranstaltung vom <strong>25. bis 31. Januar 2026 in Lenggries in Bayern<\/strong> statt.<\/p>\n\n\n<div class=\"wp-block-image\">\n<figure class=\"aligncenter size-full is-resized\"><a href=\"https:\/\/zkbsportclub.ch\/ski\/wp-content\/uploads\/sites\/31\/2024\/08\/IB-collage.jpg\" data-rel=\"lightbox-image-0\" data-rl_title=\"\" data-rl_caption=\"\" title=\"\"><img loading=\"lazy\" decoding=\"async\" width=\"910\" height=\"574\" src=\"https:\/\/zkbsportclub.ch\/ski\/wp-content\/uploads\/sites\/31\/2024\/08\/IB-collage.jpg\" alt=\"\" class=\"wp-image-318\" style=\"width:400px\" srcset=\"https:\/\/zkbsportclub.ch\/ski\/wp-content\/uploads\/sites\/31\/2024\/08\/IB-collage.jpg 910w, https:\/\/zkbsportclub.ch\/ski\/wp-content\/uploads\/sites\/31\/2024\/08\/IB-collage-300x189.jpg 300w, https:\/\/zkbsportclub.ch\/ski\/wp-content\/uploads\/sites\/31\/2024\/08\/IB-collage-768x484.jpg 768w\" sizes=\"auto, (max-width: 910px) 100vw, 910px\" \/><\/a><\/figure>\n<\/div>\n\n\n<p>Der Skiclub ZKB wird an den alpinen und nordischen Rennen teilnehmen. Wir sind auf der Suche nach Verst\u00e4rkung<strong>!<\/strong> Anmeldefrist ist bereits abgelaufen,<strong> <\/strong>Nachmeldungen sind unter Vorbehalt noch m\u00f6glich bis 15.11.2025.<\/p>\n\n\n\n<p>Links:<\/p>\n\n\n\n<p><a href=\"https:\/\/www.fassa.com\/it\/interbancario2025\">Ski Meeting Interbancario Europeo 2026 &#8211; Lenggries<\/a><\/p>\n\n\n\n<p><a href=\"https:\/\/www.skimeetinginterbancario.org\/\" data-type=\"URL\" data-id=\"https:\/\/www.skimeetinginterbancario.org\/\" target=\"_blank\" rel=\"noreferrer noopener\">Die permanente Seite der Organisation Interbancario<\/a><\/p>\n\n\n\n<p><\/p>\n","protected":false},"excerpt":{"rendered":"<p>Das Ski Meeting Interbancario Europeo ist ein Anlass f\u00fcr europ\u00e4ische Bankangestellte, die gerne rennm\u00e4ssig Skifahren und Langlaufen und eine gesellige Woche unter Gleichgesinnten verbringen. Kommenden Winter findet die Veranstaltung vom 25. bis 31. Januar 2026 in Lenggries in Bayern statt. Der Skiclub ZKB wird an den alpinen und nordischen Rennen teilnehmen. Wir sind auf der [&hellip;]<\/p>\n","protected":false},"author":39,"featured_media":0,"parent":0,"menu_order":2,"comment_status":"closed","ping_status":"closed","template":"sektion.php","meta":{"footnotes":""},"class_list":["post-176","page","type-page","status-publish","hentry"],"_links":{"self":[{"href":"https:\/\/zkbsportclub.ch\/ski\/wp-json\/wp\/v2\/pages\/176","targetHints":{"allow":["GET"]}}],"collection":[{"href":"https:\/\/zkbsportclub.ch\/ski\/wp-json\/wp\/v2\/pages"}],"about":[{"href":"https:\/\/zkbsportclub.ch\/ski\/wp-json\/wp\/v2\/types\/page"}],"author":[{"embeddable":true,"href":"https:\/\/zkbsportclub.ch\/ski\/wp-json\/wp\/v2\/users\/39"}],"replies":[{"embeddable":true,"href":"https:\/\/zkbsportclub.ch\/ski\/wp-json\/wp\/v2\/comments?post=176"}],"version-history":[{"count":9,"href":"https:\/\/zkbsportclub.ch\/ski\/wp-json\/wp\/v2\/pages\/176\/revisions"}],"predecessor-version":[{"id":400,"href":"https:\/\/zkbsportclub.ch\/ski\/wp-json\/wp\/v2\/pages\/176\/revisions\/400"}],"wp:attachment":[{"href":"https:\/\/zkbsportclub.ch\/ski\/wp-json\/wp\/v2\/media?parent=176"}],"curies":[{"name":"wp","href":"https:\/\/api.w.org\/{rel}","templated":true}]}}