{"id":155,"date":"2022-08-19T08:31:42","date_gmt":"2022-08-19T06:31:42","guid":{"rendered":"https:\/\/zkbsportclub.ch\/ski\/?page_id=155"},"modified":"2025-10-21T15:40:24","modified_gmt":"2025-10-21T13:40:24","slug":"langlauf","status":"publish","type":"page","link":"https:\/\/zkbsportclub.ch\/ski\/langlauf\/","title":{"rendered":"Langlauf"},"content":{"rendered":"<div class=\"wp-block-image\">\n<figure class=\"aligncenter size-large is-resized\"><a href=\"https:\/\/zkbsportclub.ch\/ski\/wp-content\/uploads\/sites\/31\/2024\/08\/langlauf_header-scaled.jpg\" data-rel=\"lightbox-image-0\" data-rl_title=\"\" data-rl_caption=\"\" title=\"\"><img loading=\"lazy\" decoding=\"async\" width=\"1024\" height=\"505\" src=\"https:\/\/zkbsportclub.ch\/ski\/wp-content\/uploads\/sites\/31\/2024\/08\/langlauf_header-1024x505.jpg\" alt=\"\" class=\"wp-image-307\" style=\"width:auto;height:300px\" srcset=\"https:\/\/zkbsportclub.ch\/ski\/wp-content\/uploads\/sites\/31\/2024\/08\/langlauf_header-1024x505.jpg 1024w, https:\/\/zkbsportclub.ch\/ski\/wp-content\/uploads\/sites\/31\/2024\/08\/langlauf_header-300x148.jpg 300w, https:\/\/zkbsportclub.ch\/ski\/wp-content\/uploads\/sites\/31\/2024\/08\/langlauf_header-768x379.jpg 768w, https:\/\/zkbsportclub.ch\/ski\/wp-content\/uploads\/sites\/31\/2024\/08\/langlauf_header-1536x758.jpg 1536w, https:\/\/zkbsportclub.ch\/ski\/wp-content\/uploads\/sites\/31\/2024\/08\/langlauf_header-2048x1010.jpg 2048w\" sizes=\"auto, (max-width: 1024px) 100vw, 1024px\" \/><\/a><\/figure>\n<\/div>\n\n\n<p><br>In der Saison 2025-2026 besteht unser Langlaufangebot aus folgenden Aktivit\u00e4ten:<\/p>\n\n\n\n<ul class=\"wp-block-list\">\n<li>Feierabendtrainings f\u00fcr Fortgeschrittene (Einsiedeln oder Guldenen ab Hard)<\/li>\n\n\n\n<li>Tageskurse f\u00fcr Anf\u00e4nger und Fortgeschrittene (Raum Einsiedeln \/ Ybrig) <\/li>\n\n\n\n<li>Langlaufunterricht \/ -Coaching an unserem Ski-Wochenende in Davos 29-30.11.2025<\/li>\n\n\n\n<li>Ski \/ Langlaufwochenende in der Skih\u00fctte Oberberg am 9-11.1.2026<\/li>\n\n\n\n<li>Banken-Meisterschaft Interbancario Europeo (Lenggries)<\/li>\n<\/ul>\n\n\n\n<p><\/p>\n\n\n\n<h3 class=\"wp-block-heading\">Feierabendtrainings<\/h3>\n\n\n\n<p>Wir fahren an einigen Mittwochabenden zu den nahgelegenen Loipen (je nach Schnee) f\u00fcr gemeinsames Training. Stirnlampe wird empfohlen! Programmdetails werden den Angemeldeten am Vortag best\u00e4tigt. Abfahrt Hard um ca. 17.30, je nach Teilnehmer \u00d6V oder PW-Fahrgemeinschaft.<\/p>\n\n\n\n<p>Kosten: Gratis \/ Loipenpass<\/p>\n\n\n\n<p><a href=\"mailto:antti.peltonen@zkb.ch?subject=AnmeldungFeierabendlanglauf\" data-type=\"mailto\" data-id=\"mailto:antti.peltonen@zkb.ch?subject=AnmeldungFeierabendlanglauf\">Anmeldung<\/a> bis 12 Uhr am Vortag<br>F\u00fcr einen unverbindlichen Terminblocker kurz bei <a href=\"mailto:antti.peltonen@zkb.ch\">Chef Langlauf<\/a> melden!<\/p>\n\n\n\n<h3 class=\"wp-block-heading\">Tageskurse f\u00fcr Anf\u00e4nger und Fortgeschrittene im Raum Einsiedeln \/ Ybrig<\/h3>\n\n\n\n<p>Schnee und Berg Sport Z\u00fcrich organisiert folgende Langlaufkurse im Winter 2025-2026, bei welchen wir herzlich willkommen sind:<\/p>\n\n\n\n<figure class=\"wp-block-table\"><table class=\"has-fixed-layout\"><tbody><tr><td><strong>Datum<\/strong><\/td><td><strong>Anlass<\/strong><\/td><\/tr><tr><td>6. Dezember 2025 (Verschiebungsdatum 13. Dezember 2025)<\/td><td>Gruppenkurse f\u00fcr Anf\u00e4nger und Fortgeschrittene Skating in der Innerschweiz (Raum Einsiedeln \/ Ybrig)<\/td><\/tr><tr><td>10. Januar 2026<\/td><td>Gruppenkurs f\u00fcr Volksl\u00e4ufer und Interbancario Teilnehmer in der Innerschweiz (Raum Einsiedeln \/ Ybrig)<\/td><\/tr><tr><td>24. Januar 2026<\/td><td>Gruppenkurs als Vorbereitung f\u00fcr den Engadiner in der Innerschweiz (Raum Einsiedeln \/ Ybrig)<\/td><\/tr><\/tbody><\/table><\/figure>\n\n\n\n<p>Kosten per Kurstag: CHF 70 (Mitglieder vom Skiclub CHF 40). <\/p>\n\n\n\n<h3 class=\"wp-block-heading\">Langlaufkurs \/ -Coaching an unserem gemeinsamen Wochenende in Davos 29-30.11.2025<\/h3>\n\n\n\n<p>Im Langlaufprogramm haben wir 2 Lektionen am Samstag und 2 Lektionen am Sonntag (klassisch \/ skating nach Bed\u00fcrfnissen)<\/p>\n\n\n\n<p>Im Kursprogramm hat es noch Platz!<\/p>\n\n\n\n<p>In der ZKB-Unterkunft hat es ebenfalls noch freie Pl\u00e4tze \u2013 mit Olivier bis 10.10.2025 kl\u00e4ren<\/p>\n\n\n\n<p>Falls Teilnahme ohne Hotel erw\u00fcnscht Kursanmeldung \u00fcber Antti (Anzahl beschr\u00e4nkt).<\/p>\n\n\n\n<p><\/p>\n\n\n\n<h3 class=\"wp-block-heading\">Skih\u00fcttenweekend in Oberberg 9-11.1.2026<\/h3>\n\n\n\n<p>Wir haben f\u00fcr den Club eine Skih\u00fctte &#8222;<a href=\"https:\/\/www.badenerhaus-oberberg.ch\/\" data-type=\"link\" data-id=\"https:\/\/www.badenerhaus-oberberg.ch\/\">Badenerhaus<\/a>&#8220; in Oberberg, umgeben von einer sch\u00f6nen Loipe, gemietet. Du bist herzlich willkommen, egal ob du kurz auf die Loipe kommst oder das ganze Wochenende in der Skih\u00fctte verbringen m\u00f6chtest!<\/p>\n\n\n\n<ul class=\"wp-block-list\">\n<li>Kurz auf die Loipe und auf Kuchen?<\/li>\n\n\n\n<li>Ein ganzes Wochenende in einem Winterwunderland?<\/li>\n\n\n\n<li>Ein Mini-Trainingslager mit Technikinput?<\/li>\n\n\n\n<li>Gem\u00fctliches Zusammensein mit Gleichgesinnten!<\/li>\n\n\n\n<li>Skifahren oder Skitouren im Skigebiet Mythen oder Hochybrig?<\/li>\n<\/ul>\n\n\n\n<p>Das Haus ist modern ausgestattet und verf\u00fcgt \u00fcber 30 Betten in einfachen Zimmern.<\/p>\n\n\n\n<p>Wir werden zusammen kochen und Mitglieder sind mit Anhang f\u00fcr das Wochenende eingeladen. \u00d6V-Haltestelle einige Hundert Meter entfernt, Parkpl\u00e4tze vorhanden.<\/p>\n\n\n\n<p>Erste m\u00f6gliche Anreise: Freitanachmittag 9.1.2026; Abreise am Sonntagmittag. <\/p>\n\n\n\n<p>Anmeldung bis 21.12.2025<\/p>\n\n\n\n<h3 class=\"wp-block-heading\">Interbancario Europeo 2026 (Lenggries)<\/h3>\n\n\n\n<p>Mehr Informationen zum Wintersport-Highlight des Jahres findest du unter <a href=\"https:\/\/zkbsportclub.ch\/ski\/interbancario-europeo\/\" data-type=\"page\" data-id=\"176\">Interbancario<\/a>.<\/p>\n","protected":false},"excerpt":{"rendered":"<p>In der Saison 2025-2026 besteht unser Langlaufangebot aus folgenden Aktivit\u00e4ten: Feierabendtrainings Wir fahren an einigen Mittwochabenden zu den nahgelegenen Loipen (je nach Schnee) f\u00fcr gemeinsames Training. Stirnlampe wird empfohlen! Programmdetails werden den Angemeldeten am Vortag best\u00e4tigt. Abfahrt Hard um ca. 17.30, je nach Teilnehmer \u00d6V oder PW-Fahrgemeinschaft. Kosten: Gratis \/ Loipenpass Anmeldung bis 12 Uhr [&hellip;]<\/p>\n","protected":false},"author":39,"featured_media":0,"parent":0,"menu_order":3,"comment_status":"closed","ping_status":"closed","template":"sektion.php","meta":{"footnotes":""},"class_list":["post-155","page","type-page","status-publish","hentry"],"_links":{"self":[{"href":"https:\/\/zkbsportclub.ch\/ski\/wp-json\/wp\/v2\/pages\/155","targetHints":{"allow":["GET"]}}],"collection":[{"href":"https:\/\/zkbsportclub.ch\/ski\/wp-json\/wp\/v2\/pages"}],"about":[{"href":"https:\/\/zkbsportclub.ch\/ski\/wp-json\/wp\/v2\/types\/page"}],"author":[{"embeddable":true,"href":"https:\/\/zkbsportclub.ch\/ski\/wp-json\/wp\/v2\/users\/39"}],"replies":[{"embeddable":true,"href":"https:\/\/zkbsportclub.ch\/ski\/wp-json\/wp\/v2\/comments?post=155"}],"version-history":[{"count":24,"href":"https:\/\/zkbsportclub.ch\/ski\/wp-json\/wp\/v2\/pages\/155\/revisions"}],"predecessor-version":[{"id":409,"href":"https:\/\/zkbsportclub.ch\/ski\/wp-json\/wp\/v2\/pages\/155\/revisions\/409"}],"wp:attachment":[{"href":"https:\/\/zkbsportclub.ch\/ski\/wp-json\/wp\/v2\/media?parent=155"}],"curies":[{"name":"wp","href":"https:\/\/api.w.org\/{rel}","templated":true}]}}