{"id":5,"date":"2013-11-18T15:17:53","date_gmt":"2013-11-18T15:17:53","guid":{"rendered":"https:\/\/zkbsportclub.chschiessen\/?page_id=5"},"modified":"2025-03-09T21:02:30","modified_gmt":"2025-03-09T20:02:30","slug":"vorstand","status":"publish","type":"page","link":"https:\/\/zkbsportclub.ch\/schiessen\/vorstand\/","title":{"rendered":"Vorstand"},"content":{"rendered":"\n<div class=\"wp-block-group\"><div class=\"wp-block-group__inner-container is-layout-constrained wp-block-group-is-layout-constrained\">\n<figure class=\"wp-block-table is-style-regular\"><table><tbody><tr><td><img loading=\"lazy\" decoding=\"async\" width=\"1138\" height=\"1568\" class=\"wp-image-2102\" style=\"width: 150px\" src=\"https:\/\/zkbsportclub.ch\/schiessen\/wp-content\/uploads\/sites\/37\/2024\/07\/zkb_pensioniertenfest_23_0174.jpg\" alt=\"\" srcset=\"https:\/\/zkbsportclub.ch\/schiessen\/wp-content\/uploads\/sites\/37\/2024\/07\/zkb_pensioniertenfest_23_0174.jpg 1138w, https:\/\/zkbsportclub.ch\/schiessen\/wp-content\/uploads\/sites\/37\/2024\/07\/zkb_pensioniertenfest_23_0174-218x300.jpg 218w, https:\/\/zkbsportclub.ch\/schiessen\/wp-content\/uploads\/sites\/37\/2024\/07\/zkb_pensioniertenfest_23_0174-743x1024.jpg 743w, https:\/\/zkbsportclub.ch\/schiessen\/wp-content\/uploads\/sites\/37\/2024\/07\/zkb_pensioniertenfest_23_0174-768x1058.jpg 768w, https:\/\/zkbsportclub.ch\/schiessen\/wp-content\/uploads\/sites\/37\/2024\/07\/zkb_pensioniertenfest_23_0174-1115x1536.jpg 1115w\" sizes=\"auto, (max-width: 1138px) 100vw, 1138px\" \/><\/td><td><strong>Pr\u00e4sidentin<\/strong><br><strong>Obm\u00e4nnin Gewehrsch\u00fctzen<br>Vizeobm\u00e4nnin Pistolen<\/strong><br><strong> 1. Sch\u00fctzenmeisterin Pistole<\/strong><\/td><td class=\"has-text-align-left\" data-align=\"left\"><strong>Ingrid Suter<\/strong><br>Tel: 079 316 78 38<br>e-Mail: erinsut@bluewin.ch<\/td><\/tr><tr><td><img loading=\"lazy\" decoding=\"async\" width=\"474\" height=\"533\" class=\"wp-image-2099\" style=\"width: 150px\" src=\"https:\/\/zkbsportclub.ch\/schiessen\/wp-content\/uploads\/sites\/37\/2024\/07\/Dani-Zenklusen.png\" alt=\"\" srcset=\"https:\/\/zkbsportclub.ch\/schiessen\/wp-content\/uploads\/sites\/37\/2024\/07\/Dani-Zenklusen.png 474w, https:\/\/zkbsportclub.ch\/schiessen\/wp-content\/uploads\/sites\/37\/2024\/07\/Dani-Zenklusen-267x300.png 267w\" sizes=\"auto, (max-width: 474px) 100vw, 474px\" \/><\/td><td><strong>Vizepr\u00e4sident<br><\/strong><strong>Obmann Pistolensch\u00fctzen<br><\/strong><strong>Kassier<\/strong><\/td><td class=\"has-text-align-left\" data-align=\"left\"><strong>Daniel Zenklusen<\/strong><br>Tel: 079 362 93 92<br>e-Mail: d-zenklusen@bluewin.ch<\/td><\/tr><tr><td><img loading=\"lazy\" decoding=\"async\" width=\"187\" height=\"243\" class=\"wp-image-159\" style=\"width: 150px\" src=\"https:\/\/zkbsportclub.ch\/schiessen\/wp-content\/uploads\/sites\/37\/2013\/11\/Barbara.jpg\" alt=\"\"><\/td><td><strong>Aktuarin<\/strong><br><strong>Vizeobm\u00e4nnin Gewehrsch\u00fctzen<\/strong><\/td><td class=\"has-text-align-left\" data-align=\"left\"><strong>Barbara Zenklusen<\/strong><br>Tel: 079 362 92 52<br>e-Mail: b-zenklusen@bluewin.ch<\/td><\/tr><tr><td><img loading=\"lazy\" decoding=\"async\" width=\"2395\" height=\"3102\" class=\"wp-image-166\" style=\"width: 150px\" src=\"https:\/\/zkbsportclub.ch\/schiessen\/wp-content\/uploads\/sites\/37\/2013\/11\/IMG_3135_1.jpg\" alt=\"\" srcset=\"https:\/\/zkbsportclub.ch\/schiessen\/wp-content\/uploads\/sites\/37\/2013\/11\/IMG_3135_1.jpg 2395w, https:\/\/zkbsportclub.ch\/schiessen\/wp-content\/uploads\/sites\/37\/2013\/11\/IMG_3135_1-231x300.jpg 231w, https:\/\/zkbsportclub.ch\/schiessen\/wp-content\/uploads\/sites\/37\/2013\/11\/IMG_3135_1-790x1024.jpg 790w\" sizes=\"auto, (max-width: 2395px) 100vw, 2395px\" \/><\/td><td><strong>Sch\u00fctzenmeister Gewehr<\/strong><\/td><td class=\"has-text-align-left\" data-align=\"left\"><strong>Ernst Suter<\/strong><br>Tel: 079 316 78 39<br>e-Mail: erinsut@bluewin.ch<\/td><\/tr><tr><td><img loading=\"lazy\" decoding=\"async\" width=\"307\" height=\"445\" class=\"wp-image-2046\" style=\"width: 150px\" src=\"https:\/\/zkbsportclub.ch\/schiessen\/wp-content\/uploads\/sites\/37\/2024\/03\/Kurt-PIderit-1.jpg\" alt=\"\" srcset=\"https:\/\/zkbsportclub.ch\/schiessen\/wp-content\/uploads\/sites\/37\/2024\/03\/Kurt-PIderit-1.jpg 307w, https:\/\/zkbsportclub.ch\/schiessen\/wp-content\/uploads\/sites\/37\/2024\/03\/Kurt-PIderit-1-207x300.jpg 207w\" sizes=\"auto, (max-width: 307px) 100vw, 307px\" \/><a href=\"https:\/\/zkbsportclub.ch\/schiessen\/wp-content\/uploads\/sites\/37\/2024\/03\/Kurt-PIderit-7.jpeg\" data-rel=\"lightbox-image-0\" data-rl_title=\"\" data-rl_caption=\"\" title=\"\"><\/a><\/td><td><strong>&nbsp;Beisitzer<\/strong><\/td><td class=\"has-text-align-left\" data-align=\"left\"><strong>Kurt Piderit<\/strong><br>Tel: 044 350 29 74<br>e-Mail: kurt@piderit.ch<\/td><\/tr><\/tbody><\/table><\/figure>\n\n\n\n<div class=\"wp-block-columns is-layout-flex wp-container-core-columns-is-layout-9d6595d7 wp-block-columns-is-layout-flex\">\n<div class=\"wp-block-column is-layout-flow wp-block-column-is-layout-flow\" style=\"flex-basis:100%\">\n<div class=\"wp-block-group is-vertical is-layout-flex wp-container-core-group-is-layout-8cf370e7 wp-block-group-is-layout-flex\">\n<div class=\"wp-block-group is-layout-grid wp-container-core-group-is-layout-9649a0d9 wp-block-group-is-layout-grid\"><\/div>\n<\/div>\n<\/div>\n<\/div>\n<\/div><\/div>\n","protected":false},"excerpt":{"rendered":"<p>Pr\u00e4sidentinObm\u00e4nnin Gewehrsch\u00fctzenVizeobm\u00e4nnin Pistolen 1. Sch\u00fctzenmeisterin Pistole Ingrid SuterTel: 079 316 78 38e-Mail: erinsut@bluewin.ch Vizepr\u00e4sidentObmann Pistolensch\u00fctzenKassier Daniel ZenklusenTel: 079 362 93 92e-Mail: d-zenklusen@bluewin.ch AktuarinVizeobm\u00e4nnin Gewehrsch\u00fctzen Barbara ZenklusenTel: 079 362 92 52e-Mail: b-zenklusen@bluewin.ch Sch\u00fctzenmeister Gewehr Ernst SuterTel: 079 316 78 39e-Mail: erinsut@bluewin.ch &nbsp;Beisitzer Kurt PideritTel: 044 350 29 74e-Mail: kurt@piderit.ch<\/p>\n","protected":false},"author":27,"featured_media":0,"parent":0,"menu_order":0,"comment_status":"open","ping_status":"closed","template":"sektion.php","meta":{"footnotes":""},"class_list":["post-5","page","type-page","status-publish","hentry"],"_links":{"self":[{"href":"https:\/\/zkbsportclub.ch\/schiessen\/wp-json\/wp\/v2\/pages\/5","targetHints":{"allow":["GET"]}}],"collection":[{"href":"https:\/\/zkbsportclub.ch\/schiessen\/wp-json\/wp\/v2\/pages"}],"about":[{"href":"https:\/\/zkbsportclub.ch\/schiessen\/wp-json\/wp\/v2\/types\/page"}],"author":[{"embeddable":true,"href":"https:\/\/zkbsportclub.ch\/schiessen\/wp-json\/wp\/v2\/users\/27"}],"replies":[{"embeddable":true,"href":"https:\/\/zkbsportclub.ch\/schiessen\/wp-json\/wp\/v2\/comments?post=5"}],"version-history":[{"count":75,"href":"https:\/\/zkbsportclub.ch\/schiessen\/wp-json\/wp\/v2\/pages\/5\/revisions"}],"predecessor-version":[{"id":2202,"href":"https:\/\/zkbsportclub.ch\/schiessen\/wp-json\/wp\/v2\/pages\/5\/revisions\/2202"}],"wp:attachment":[{"href":"https:\/\/zkbsportclub.ch\/schiessen\/wp-json\/wp\/v2\/media?parent=5"}],"curies":[{"name":"wp","href":"https:\/\/api.w.org\/{rel}","templated":true}]}}