{"id":423,"date":"2015-05-13T22:19:54","date_gmt":"2015-05-13T22:19:54","guid":{"rendered":"https:\/\/zkbsportclub.ch\/schiessen\/?page_id=423"},"modified":"2017-01-25T22:02:55","modified_gmt":"2017-01-25T21:02:55","slug":"links-3","status":"publish","type":"page","link":"https:\/\/zkbsportclub.ch\/schiessen\/links-3\/","title":{"rendered":"Links"},"content":{"rendered":"<p><a href=\"http:\/\/karte.pswohlen.ch\" target=\"_blank\">Karte Pistolenst\u00e4nde in der Schweiz<\/a><\/p>\n<p><a href=\"http:\/\/www.schiesssport-hoengg.ch\/\">Schiessplatz-Genossenschaft H\u00f6ngg<\/a><\/p>\n<p><a href=\"http:\/\/www.fst-ssv.ch\">Schweizerischer Schiesssportverband SSV<\/a><\/p>\n<p><a href=\"http:\/\/www.bsvz.ch\/\">Bezirkssch\u00fctzenverband BZSV<\/a><\/p>\n<p><a href=\"http:\/\/www.zhsv.ch\">Z\u00fcrcher Schiesssportverband ZHSV<\/a><\/p>\n<p><a href=\"http:\/\/www.schuetzenveteranen-zh.ch\/\">Sch\u00fctzenveteranen Z\u00fcrich ZSV<\/a><\/p>\n<p><a href=\"http:\/\/www.standschuetzen-hoengg.ch\/\">Standsch\u00fctzen H\u00f6ngg<\/a><\/p>\n<p><a href=\"http:\/\/www.swissgun.ch\/\">B\u00fcchsenmacherei Odermatt &amp; Ruess<\/a><\/p>\n","protected":false},"excerpt":{"rendered":"<p>Karte Pistolenst\u00e4nde in der Schweiz Schiessplatz-Genossenschaft H\u00f6ngg Schweizerischer Schiesssportverband SSV Bezirkssch\u00fctzenverband BZSV Z\u00fcrcher Schiesssportverband ZHSV Sch\u00fctzenveteranen Z\u00fcrich ZSV Standsch\u00fctzen H\u00f6ngg B\u00fcchsenmacherei Odermatt &amp; Ruess<\/p>\n","protected":false},"author":11,"featured_media":0,"parent":0,"menu_order":0,"comment_status":"open","ping_status":"closed","template":"sektion.php","meta":{"footnotes":""},"class_list":["post-423","page","type-page","status-publish","hentry"],"_links":{"self":[{"href":"https:\/\/zkbsportclub.ch\/schiessen\/wp-json\/wp\/v2\/pages\/423","targetHints":{"allow":["GET"]}}],"collection":[{"href":"https:\/\/zkbsportclub.ch\/schiessen\/wp-json\/wp\/v2\/pages"}],"about":[{"href":"https:\/\/zkbsportclub.ch\/schiessen\/wp-json\/wp\/v2\/types\/page"}],"author":[{"embeddable":true,"href":"https:\/\/zkbsportclub.ch\/schiessen\/wp-json\/wp\/v2\/users\/11"}],"replies":[{"embeddable":true,"href":"https:\/\/zkbsportclub.ch\/schiessen\/wp-json\/wp\/v2\/comments?post=423"}],"version-history":[{"count":10,"href":"https:\/\/zkbsportclub.ch\/schiessen\/wp-json\/wp\/v2\/pages\/423\/revisions"}],"predecessor-version":[{"id":773,"href":"https:\/\/zkbsportclub.ch\/schiessen\/wp-json\/wp\/v2\/pages\/423\/revisions\/773"}],"wp:attachment":[{"href":"https:\/\/zkbsportclub.ch\/schiessen\/wp-json\/wp\/v2\/media?parent=423"}],"curies":[{"name":"wp","href":"https:\/\/api.w.org\/{rel}","templated":true}]}}