{"id":3,"date":"2013-11-18T15:17:44","date_gmt":"2013-11-18T15:17:44","guid":{"rendered":"https:\/\/zkbsportclub.chschiessen\/?page_id=3"},"modified":"2022-11-20T21:13:11","modified_gmt":"2022-11-20T20:13:11","slug":"home","status":"publish","type":"page","link":"https:\/\/zkbsportclub.ch\/schiessen\/","title":{"rendered":"Home"},"content":{"rendered":"<h1>Willkommen bei der Sektion Schiessen<\/h1>\n<h3>Was ist Schiesssport<\/h3>\n<p>Schiessen ist ein reiner Konzentrationssport. Sportsch\u00fctzen schiessen ausschliesslich nur auf Scheiben und versuchen eine m\u00f6glichst hohe Punktzahl zu erreichen.<\/p>\n<p>Auf Sicherheit in den Schiessst\u00e4nden wird sehr hoher Wert gelegt. Wer beim Manipulieren mit einer Waffe erwischt wird, muss mit Verweisen und Geldbussen rechnen und kann aus dem Verein ausgeschlossen werden.<\/p>\n<h3>Wo sind wir<\/h3>\n<h4>Kleinkaliber-Gewehr 50 Meter<\/h4>\n<p>schiessen wir jeweils jeden zweiten Dienstag (siehe Jahresprogamm)\u00a0im <span style=\"color: #0000ff\"><strong>Schiessstand Aussersihl<\/strong><span style=\"color: #000000\">\u00a0<\/span><\/span><span style=\"color: #000000\">,<\/span> oberhalb Albisg\u00fcetli und der Endhaltestelle des 13-er Trams. Parkpl\u00e4tze sind vorhanden.<\/p>\n<p><a href=\"http:\/\/www.sportschuetzen-aussersihl.ch\">Sportsch\u00fctzen Aussersihl<\/a><\/p>\n<h4>Pistolen (Kleinkaliber und Ordonanz)<\/h4>\n<p>schiessen wir in der Regel freitags und vereinzelt auch samstags (siehe Jahresprogamm)\u00a0im <span style=\"color: #0000ff\"><strong>Schiessstand H\u00f6ngg\u00a0<\/strong><strong>.<\/strong><\/span>\u00a0Dieser ist auch mit den \u00d6V erreichbar (Endstation 38-er Bus). Es sind auch gen\u00fcgend Parkpl\u00e4tze vorhanden.<\/p>\n<p><a href=\"http:\/\/schiesssport-hoengg.ch\">Schiessplatz-Genossenschaft H\u00f6ngg<\/a><\/p>\n<p>Wir besuchen auch\u00a0externe Anl\u00e4sse wie historische Schiessen und kantonale sowie eidgen\u00f6ssische Sch\u00fctzenfeste.<\/p>\n<h3>Geselligkeit<\/h3>\n<p>Die Geselligkeit ist bei uns sehr gross geschrieben. Einzelne Sch\u00fctzinnen und Sch\u00fctzen machen weniger wegen dem Resultat mit, sondern weil sie wissen, dass wir\u2019s nach dem Schiessen immer gem\u00fctlich haben. Auch bei ausw\u00e4rtigen Schiessen, wird Wert darauf gelegt, dass wir nach \u201egetaner Arbeit\u201c auch kulinarisch und kulturell nicht zu kurz kommen. So sind unsere Schiessanl\u00e4sse immer wieder ein Highlight und unvergesslich.<\/p>\n<h3>Mitgliedschaft<\/h3>\n<p>Wer Lust versp\u00fcrt, bei der Gewehr- oder Pistolensektion mal reinzuschauen und seine Treffsicherheit zu testen, ist immer herzlich willkommen. Wer ein Schnuppertraining absolvieren m\u00f6chte oder sich f\u00fcr eine Mitgliedschaft entscheidet, darf\u00a0sich\u00a0gerne mit einem unserer Vorstandsmitglieder in Verbindung setzen\u00a0(siehe Vorstand).<\/p>\n","protected":false},"excerpt":{"rendered":"<p>Willkommen bei der Sektion Schiessen Was ist Schiesssport Schiessen ist ein reiner Konzentrationssport. Sportsch\u00fctzen schiessen ausschliesslich nur auf Scheiben und versuchen eine m\u00f6glichst hohe Punktzahl zu erreichen. Auf Sicherheit in den Schiessst\u00e4nden wird sehr hoher Wert gelegt. Wer beim Manipulieren mit einer Waffe erwischt wird, muss mit Verweisen und Geldbussen rechnen und kann aus dem [&hellip;]<\/p>\n","protected":false},"author":1,"featured_media":0,"parent":0,"menu_order":0,"comment_status":"open","ping_status":"closed","template":"sektion.php","meta":{"footnotes":""},"class_list":["post-3","page","type-page","status-publish","hentry"],"_links":{"self":[{"href":"https:\/\/zkbsportclub.ch\/schiessen\/wp-json\/wp\/v2\/pages\/3","targetHints":{"allow":["GET"]}}],"collection":[{"href":"https:\/\/zkbsportclub.ch\/schiessen\/wp-json\/wp\/v2\/pages"}],"about":[{"href":"https:\/\/zkbsportclub.ch\/schiessen\/wp-json\/wp\/v2\/types\/page"}],"author":[{"embeddable":true,"href":"https:\/\/zkbsportclub.ch\/schiessen\/wp-json\/wp\/v2\/users\/1"}],"replies":[{"embeddable":true,"href":"https:\/\/zkbsportclub.ch\/schiessen\/wp-json\/wp\/v2\/comments?post=3"}],"version-history":[{"count":45,"href":"https:\/\/zkbsportclub.ch\/schiessen\/wp-json\/wp\/v2\/pages\/3\/revisions"}],"predecessor-version":[{"id":1849,"href":"https:\/\/zkbsportclub.ch\/schiessen\/wp-json\/wp\/v2\/pages\/3\/revisions\/1849"}],"wp:attachment":[{"href":"https:\/\/zkbsportclub.ch\/schiessen\/wp-json\/wp\/v2\/media?parent=3"}],"curies":[{"name":"wp","href":"https:\/\/api.w.org\/{rel}","templated":true}]}}