{"id":200,"date":"2015-03-16T12:24:37","date_gmt":"2015-03-16T12:24:37","guid":{"rendered":"https:\/\/zkbsportclub.ch\/schiessen\/?page_id=200"},"modified":"2026-03-07T15:29:02","modified_gmt":"2026-03-07T14:29:02","slug":"dokumente","status":"publish","type":"page","link":"https:\/\/zkbsportclub.ch\/schiessen\/dokumente\/","title":{"rendered":"Dokumente"},"content":{"rendered":"<p><a href=\"https:\/\/zkbsportclub.ch\/schiessen\/wp-content\/uploads\/sites\/37\/2026\/03\/Mitgliederliste-2026_1.pdf\">Mitgliederliste 2026 <\/a>(nur vereinsintern)<\/p>\n<p><a href=\"https:\/\/zkbsportclub.ch\/schiessen\/wp-content\/uploads\/sites\/37\/2020\/04\/Statuten-der-Sportsektion-Sch\u00fctzen-der-Z\u00fcrcher-Kantonalbank-.pdf\">Statuten der Sportsektion Sch\u00fctzen der Z\u00fcrcher Kantonalbank<\/a><\/p>\n<p><a href=\"https:\/\/zkbsportclub.ch\/schiessen\/wp-content\/uploads\/sites\/37\/2026\/03\/GV-Protokoll-2026.pdf\">GV Protokoll 2026<\/a><\/p>\n<p><a href=\"https:\/\/zkbsportclub.ch\/schiessen\/wp-content\/uploads\/sites\/37\/2026\/01\/Jahresbericht-KK-2025.pdf\">Jahresbericht KK 2025<\/a><\/p>\n<p><a href=\"https:\/\/zkbsportclub.ch\/schiessen\/wp-content\/uploads\/sites\/37\/2026\/01\/Jahresbericht-PP-2025.pdf\">Jahresbericht PP 2025<\/a><\/p>\n<p><a href=\"https:\/\/zkbsportclub.ch\/schiessen\/wp-content\/uploads\/sites\/37\/2026\/01\/Schiess-Jahresprogramm-gueltig-ab-2020.pdf\">Schiessprogramm g\u00fcltig ab 2020<\/a><\/p>\n\n\n<p><\/p>\n","protected":false},"excerpt":{"rendered":"<p>Mitgliederliste 2026 (nur vereinsintern) Statuten der Sportsektion Sch\u00fctzen der Z\u00fcrcher Kantonalbank GV Protokoll 2026 Jahresbericht KK 2025 Jahresbericht PP 2025 Schiessprogramm g\u00fcltig ab 2020<\/p>\n","protected":false},"author":27,"featured_media":0,"parent":0,"menu_order":0,"comment_status":"open","ping_status":"closed","template":"sektion.php","meta":{"footnotes":""},"class_list":["post-200","page","type-page","status-publish","hentry"],"_links":{"self":[{"href":"https:\/\/zkbsportclub.ch\/schiessen\/wp-json\/wp\/v2\/pages\/200","targetHints":{"allow":["GET"]}}],"collection":[{"href":"https:\/\/zkbsportclub.ch\/schiessen\/wp-json\/wp\/v2\/pages"}],"about":[{"href":"https:\/\/zkbsportclub.ch\/schiessen\/wp-json\/wp\/v2\/types\/page"}],"author":[{"embeddable":true,"href":"https:\/\/zkbsportclub.ch\/schiessen\/wp-json\/wp\/v2\/users\/27"}],"replies":[{"embeddable":true,"href":"https:\/\/zkbsportclub.ch\/schiessen\/wp-json\/wp\/v2\/comments?post=200"}],"version-history":[{"count":120,"href":"https:\/\/zkbsportclub.ch\/schiessen\/wp-json\/wp\/v2\/pages\/200\/revisions"}],"predecessor-version":[{"id":2342,"href":"https:\/\/zkbsportclub.ch\/schiessen\/wp-json\/wp\/v2\/pages\/200\/revisions\/2342"}],"wp:attachment":[{"href":"https:\/\/zkbsportclub.ch\/schiessen\/wp-json\/wp\/v2\/media?parent=200"}],"curies":[{"name":"wp","href":"https:\/\/api.w.org\/{rel}","templated":true}]}}