{"id":384,"date":"2023-09-12T18:38:17","date_gmt":"2023-09-12T16:38:17","guid":{"rendered":"https:\/\/zkbsportclub.ch\/schach\/?page_id=384"},"modified":"2026-03-25T14:08:01","modified_gmt":"2026-03-25T13:08:01","slug":"spielbetrieb","status":"publish","type":"page","link":"https:\/\/zkbsportclub.ch\/schach\/spielbetrieb\/","title":{"rendered":"Spielbetrieb"},"content":{"rendered":"\n<p>Diese Seite gibt einen \u00dcberblick \u00fcber die Aktivit\u00e4ten, die vom ZKB Sportclub durchgef\u00fchrt werden. F\u00fcr Mitglieder vom Schachclub gibt es im <a href=\"https:\/\/zkbsportclub.ch\/schach\/mitgliederbereich\/\" data-type=\"page\" data-id=\"236\">Mitgliederbereich<\/a> zus\u00e4tzlich laufend aktuellste Resultate und weitere Informationen.<\/p>\n\n\n\n<div class=\"wp-block-group\"><div class=\"wp-block-group__inner-container is-layout-flow wp-block-group-is-layout-flow\">\n<h2 class=\"wp-block-heading\">Spielorte<\/h2>\n\n\n\n<p>Wir spielen normalerweise jeden Montag ab 18:30 Schach, bei Turnieren teilweise auch ausw\u00e4rts. Dabei sind wir normalerweise in einem der folgenden Lokale:<\/p>\n\n\n\n<p><a href=\"https:\/\/maps.app.goo.gl\/ZdJcd8Xg8NyYqiKS8\">Z\u00fcri-West (Personalrestaurant ZKB), Neue Hard 7<\/a><br><a href=\"https:\/\/maps.app.goo.gl\/GWBku1Q2ja2L4GJo9\" target=\"_blank\" rel=\"noreferrer noopener\">Gesundheitszentrum f\u00fcr das Alter Sydef\u00e4deli, H\u00f6nggerstrasse 119, 8037 Z\u00fcrich<\/a><br><a href=\"https:\/\/lichess.org\/team\/zkb-schachclub\">Lichess ZKB-Schachclub Team<\/a><\/p>\n\n\n\n<h2 class=\"wp-block-heading\">Aktivit\u00e4ten 2026\/27<\/h2>\n\n\n\n<p>Folgende Tabelle zeigt alle Spieltage auf, welche diese Spielsaison eingeplant sind. Eine Teilnahme an Turnieren bedarf meistens eine Anmeldung, man kann bei Interesse nat\u00fcrlich als Zuschauer vorbeikommen.<\/p>\n\n\n\n<figure class=\"wp-block-table is-style-stripes has-small-font-size\"><table class=\"has-fixed-layout\"><thead><tr><th>Datum<\/th><th>Event<\/th><th>Wo<\/th><th>Wann<\/th><\/tr><\/thead><tbody><tr><td>Do 26.03.26<\/td><td>FMM ZKB 1 Rd. 6<\/td><td>UBS<\/td><td><\/td><\/tr><tr><td>Mo 13.04.26<\/td><td>GV<\/td><td>ZKB Hard<\/td><td>18:00<\/td><\/tr><tr><td>Mo 18.05.26<\/td><td><\/td><td>&#8211;<\/td><td><\/td><\/tr><tr><td>Mo 08.06.26<\/td><td><\/td><td>&#8211;<\/td><td><\/td><\/tr><tr><td>Mo 24-08.26<\/td><td><\/td><td>&#8211;<\/td><td><\/td><\/tr><\/tbody><\/table><\/figure>\n<\/div><\/div>\n\n\n\n<p><\/p>\n","protected":false},"excerpt":{"rendered":"<p>Diese Seite gibt einen \u00dcberblick \u00fcber die Aktivit\u00e4ten, die vom ZKB Sportclub durchgef\u00fchrt werden. F\u00fcr Mitglieder vom Schachclub gibt es im Mitgliederbereich zus\u00e4tzlich laufend aktuellste Resultate und weitere Informationen. Spielorte Wir spielen normalerweise jeden Montag ab 18:30 Schach, bei Turnieren teilweise auch ausw\u00e4rts. Dabei sind wir normalerweise in einem der folgenden Lokale: Z\u00fcri-West (Personalrestaurant ZKB), [&hellip;]<\/p>\n","protected":false},"author":40,"featured_media":0,"parent":0,"menu_order":3,"comment_status":"closed","ping_status":"closed","template":"sektion.php","meta":{"footnotes":""},"class_list":["post-384","page","type-page","status-publish","hentry"],"_links":{"self":[{"href":"https:\/\/zkbsportclub.ch\/schach\/wp-json\/wp\/v2\/pages\/384","targetHints":{"allow":["GET"]}}],"collection":[{"href":"https:\/\/zkbsportclub.ch\/schach\/wp-json\/wp\/v2\/pages"}],"about":[{"href":"https:\/\/zkbsportclub.ch\/schach\/wp-json\/wp\/v2\/types\/page"}],"author":[{"embeddable":true,"href":"https:\/\/zkbsportclub.ch\/schach\/wp-json\/wp\/v2\/users\/40"}],"replies":[{"embeddable":true,"href":"https:\/\/zkbsportclub.ch\/schach\/wp-json\/wp\/v2\/comments?post=384"}],"version-history":[{"count":89,"href":"https:\/\/zkbsportclub.ch\/schach\/wp-json\/wp\/v2\/pages\/384\/revisions"}],"predecessor-version":[{"id":544,"href":"https:\/\/zkbsportclub.ch\/schach\/wp-json\/wp\/v2\/pages\/384\/revisions\/544"}],"wp:attachment":[{"href":"https:\/\/zkbsportclub.ch\/schach\/wp-json\/wp\/v2\/media?parent=384"}],"curies":[{"name":"wp","href":"https:\/\/api.w.org\/{rel}","templated":true}]}}