{"id":254,"date":"2022-07-19T02:27:56","date_gmt":"2022-07-19T00:27:56","guid":{"rendered":"https:\/\/zkbsportclub.ch\/schach\/?page_id=254"},"modified":"2022-07-21T15:30:18","modified_gmt":"2022-07-21T13:30:18","slug":"mitgliedschaft","status":"publish","type":"page","link":"https:\/\/zkbsportclub.ch\/schach\/mitgliedschaft\/","title":{"rendered":"Mitgliedschaft"},"content":{"rendered":"\n<div class=\"wp-block-columns is-layout-flex wp-container-core-columns-is-layout-9d6595d7 wp-block-columns-is-layout-flex\">\n<div class=\"wp-block-column is-layout-flow wp-block-column-is-layout-flow\" style=\"flex-basis:60%\">\n<p>Jeder kann bei uns kostenlos einmal schnuppern und sich ein Bild von unserem Schachclub machen. Nicht-ZKB-Mitarbeiter (\u201eG\u00e4ste\u201c) brauchen einen G\u00f6tti, der sie bei uns einf\u00fchrt und sich um sie k\u00fcmmert. Schlussendlich entscheiden der Vorstand und die Generalversammlung \u00fcber Neueintritte von Gastmitgliedern. Die Beitrittserkl\u00e4rung ist einem der Vorstandsmitglieder zu \u00fcbergeben.<\/p>\n<\/div>\n\n\n\n<div class=\"wp-block-column is-layout-flow wp-block-column-is-layout-flow\" style=\"flex-basis:40%\">\n<figure class=\"wp-block-table\"><table><thead><tr><th>Status<\/th><th>Jahresbeitrag<\/th><\/tr><\/thead><tbody><tr><td>ZKB-Einzelmitglied<\/td><td>CHF 50.-<\/td><\/tr><tr><td>Passivmitglied<\/td><td>CHF 10.-<\/td><\/tr><\/tbody><\/table><\/figure>\n<\/div>\n<\/div>\n","protected":false},"excerpt":{"rendered":"<p>Jeder kann bei uns kostenlos einmal schnuppern und sich ein Bild von unserem Schachclub machen. Nicht-ZKB-Mitarbeiter (\u201eG\u00e4ste\u201c) brauchen einen G\u00f6tti, der sie bei uns einf\u00fchrt und sich um sie k\u00fcmmert. Schlussendlich entscheiden der Vorstand und die Generalversammlung \u00fcber Neueintritte von Gastmitgliedern. Die Beitrittserkl\u00e4rung ist einem der Vorstandsmitglieder zu \u00fcbergeben. Status Jahresbeitrag ZKB-Einzelmitglied CHF 50.- Passivmitglied [&hellip;]<\/p>\n","protected":false},"author":40,"featured_media":0,"parent":0,"menu_order":1,"comment_status":"closed","ping_status":"closed","template":"sektion.php","meta":{"footnotes":""},"class_list":["post-254","page","type-page","status-publish","hentry"],"_links":{"self":[{"href":"https:\/\/zkbsportclub.ch\/schach\/wp-json\/wp\/v2\/pages\/254","targetHints":{"allow":["GET"]}}],"collection":[{"href":"https:\/\/zkbsportclub.ch\/schach\/wp-json\/wp\/v2\/pages"}],"about":[{"href":"https:\/\/zkbsportclub.ch\/schach\/wp-json\/wp\/v2\/types\/page"}],"author":[{"embeddable":true,"href":"https:\/\/zkbsportclub.ch\/schach\/wp-json\/wp\/v2\/users\/40"}],"replies":[{"embeddable":true,"href":"https:\/\/zkbsportclub.ch\/schach\/wp-json\/wp\/v2\/comments?post=254"}],"version-history":[{"count":10,"href":"https:\/\/zkbsportclub.ch\/schach\/wp-json\/wp\/v2\/pages\/254\/revisions"}],"predecessor-version":[{"id":316,"href":"https:\/\/zkbsportclub.ch\/schach\/wp-json\/wp\/v2\/pages\/254\/revisions\/316"}],"wp:attachment":[{"href":"https:\/\/zkbsportclub.ch\/schach\/wp-json\/wp\/v2\/media?parent=254"}],"curies":[{"name":"wp","href":"https:\/\/api.w.org\/{rel}","templated":true}]}}