{"id":251,"date":"2022-07-19T02:58:05","date_gmt":"2022-07-19T00:58:05","guid":{"rendered":"https:\/\/zkbsportclub.ch\/schach\/?page_id=251"},"modified":"2024-11-08T15:13:43","modified_gmt":"2024-11-08T14:13:43","slug":"uebersicht","status":"publish","type":"page","link":"https:\/\/zkbsportclub.ch\/schach\/","title":{"rendered":"\u00dcbersicht"},"content":{"rendered":"\n<p>Im Schachklub der ZKB geht es in erster Linie darum, Spass am Schach zu haben. Wir haben sowohl sehr starke Spieler (1800+ ELO), aber auch viele ungewertete Mitglieder. Jeder, der sich f\u00fcr Schach interessiert, ist herzlich willkommen!<\/p>\n\n\n\n<div class=\"wp-block-group\"><div class=\"wp-block-group__inner-container is-layout-flow wp-block-group-is-layout-flow\">\n<h4 class=\"wp-block-heading\">Was wir machen<\/h4>\n\n\n\n<p>Wir nehmen an den Firmenmeisterschaften (<a rel=\"noreferrer noopener\" href=\"https:\/\/www.firmenschach-zh.ch\/\" target=\"_blank\">FMM<\/a>) teil und spielen dort gegen anderen Firmen wie die UBS, Z\u00fcrich Versicherung oder Google. Ausserdem organisieren wir zusammen mit dem <a href=\"https:\/\/www.skescherwyss.com\/\">Schachklub Escher Wyss<\/a> eine interne Clubmeisterschaft (CM), um den besten Schachspieler zu bestimmen. Dazu f\u00fchren wir j\u00e4hrlich Mitte November ein Blitzturnier durch, an welchem alle Schach-Liebhaber der ZKB eingeladen sind.<\/p>\n\n\n\n<p>Zus\u00e4tzlich zum regul\u00e4ren Betrieb verfolgen wir noch weitere Projekte. Aktuell geh\u00f6ren dazu ein Schachkurs f\u00fcr verschiedene Spielst\u00e4rken, ein Simultanspiel gegen unseren besten Spieler und ein interner Cup. Hast du eine coole Idee? Melde dich beim Vorstand!<\/p>\n<\/div><\/div>\n\n\n\n<div class=\"wp-block-group\"><div class=\"wp-block-group__inner-container is-layout-flow wp-block-group-is-layout-flow\">\n<h4 class=\"wp-block-heading\">Spielbetrieb<\/h4>\n\n\n\n<p>Wir spielen normalerweise jeden Montag ab 18:30 Schach, aktuelle Aktivit\u00e4ten findet man auf der dedizierten Seite zum <a href=\"https:\/\/zkbsportclub.ch\/schach\/spielbetrieb\/\" data-type=\"page\" data-id=\"384\">Spielbetrieb<\/a>.<\/p>\n<\/div><\/div>\n\n\n\n<div class=\"wp-block-group\"><div class=\"wp-block-group__inner-container is-layout-flow wp-block-group-is-layout-flow\">\n<h2 class=\"wp-block-heading\">Dokumente<\/h2>\n\n\n\n<div class=\"wp-block-file\"><a id=\"wp-block-file--media-1e35f835-b461-4496-a5f2-8217a95c1122\" href=\"https:\/\/zkbsportclub.ch\/schach\/wp-content\/uploads\/sites\/33\/2022\/09\/Statuten-Schach.pdf\">Statuten-Schach<\/a><a href=\"https:\/\/zkbsportclub.ch\/schach\/wp-content\/uploads\/sites\/33\/2022\/09\/Statuten-Schach.pdf\" class=\"wp-block-file__button wp-element-button\" download aria-describedby=\"wp-block-file--media-1e35f835-b461-4496-a5f2-8217a95c1122\">Herunterladen<\/a><\/div>\n<\/div><\/div>\n\n\n\n<div class=\"wp-block-file\"><a id=\"wp-block-file--media-54243bfd-9c60-49dd-8039-de1c0f06d22f\" href=\"https:\/\/zkbsportclub.ch\/schach\/wp-content\/uploads\/sites\/33\/2024\/11\/Beitrittserklaerung.pdf\">Beitrittserkl\u00e4rung<\/a><a href=\"https:\/\/zkbsportclub.ch\/schach\/wp-content\/uploads\/sites\/33\/2024\/11\/Beitrittserklaerung.pdf\" class=\"wp-block-file__button wp-element-button\" download aria-describedby=\"wp-block-file--media-54243bfd-9c60-49dd-8039-de1c0f06d22f\">Herunterladen<\/a><\/div>\n\n\n\n<div class=\"wp-block-file\"><a id=\"wp-block-file--media-07fdc8a9-b371-4d6d-a7da-29c045297851\" href=\"https:\/\/zkbsportclub.ch\/schach\/wp-content\/uploads\/sites\/33\/2024\/11\/Beitrittserklaerung-Extern.pdf\">Beitrittserkl\u00e4rung &#8211; Extern<\/a><a href=\"https:\/\/zkbsportclub.ch\/schach\/wp-content\/uploads\/sites\/33\/2024\/11\/Beitrittserklaerung-Extern.pdf\" class=\"wp-block-file__button wp-element-button\" download aria-describedby=\"wp-block-file--media-07fdc8a9-b371-4d6d-a7da-29c045297851\">Herunterladen<\/a><\/div>\n","protected":false},"excerpt":{"rendered":"<p>Im Schachklub der ZKB geht es in erster Linie darum, Spass am Schach zu haben. Wir haben sowohl sehr starke Spieler (1800+ ELO), aber auch viele ungewertete Mitglieder. Jeder, der sich f\u00fcr Schach interessiert, ist herzlich willkommen! Was wir machen Wir nehmen an den Firmenmeisterschaften (FMM) teil und spielen dort gegen anderen Firmen wie die [&hellip;]<\/p>\n","protected":false},"author":40,"featured_media":0,"parent":0,"menu_order":0,"comment_status":"closed","ping_status":"closed","template":"sektion.php","meta":{"footnotes":""},"class_list":["post-251","page","type-page","status-publish","hentry"],"_links":{"self":[{"href":"https:\/\/zkbsportclub.ch\/schach\/wp-json\/wp\/v2\/pages\/251","targetHints":{"allow":["GET"]}}],"collection":[{"href":"https:\/\/zkbsportclub.ch\/schach\/wp-json\/wp\/v2\/pages"}],"about":[{"href":"https:\/\/zkbsportclub.ch\/schach\/wp-json\/wp\/v2\/types\/page"}],"author":[{"embeddable":true,"href":"https:\/\/zkbsportclub.ch\/schach\/wp-json\/wp\/v2\/users\/40"}],"replies":[{"embeddable":true,"href":"https:\/\/zkbsportclub.ch\/schach\/wp-json\/wp\/v2\/comments?post=251"}],"version-history":[{"count":29,"href":"https:\/\/zkbsportclub.ch\/schach\/wp-json\/wp\/v2\/pages\/251\/revisions"}],"predecessor-version":[{"id":474,"href":"https:\/\/zkbsportclub.ch\/schach\/wp-json\/wp\/v2\/pages\/251\/revisions\/474"}],"wp:attachment":[{"href":"https:\/\/zkbsportclub.ch\/schach\/wp-json\/wp\/v2\/media?parent=251"}],"curies":[{"name":"wp","href":"https:\/\/api.w.org\/{rel}","templated":true}]}}