{"id":3,"date":"2013-11-18T15:17:44","date_gmt":"2013-11-18T15:17:44","guid":{"rendered":"https:\/\/zkbsportclub.chrad\/?page_id=3"},"modified":"2024-01-06T14:56:17","modified_gmt":"2024-01-06T13:56:17","slug":"uber-uns","status":"publish","type":"page","link":"https:\/\/zkbsportclub.ch\/rad\/unsere-sektion\/uber-uns\/","title":{"rendered":"\u00dcber uns"},"content":{"rendered":"<p>Die Sektion Radsport veranstaltet w\u00e4hrend des Jahres rund 20 Anl\u00e4sse auf dem Rennrad. Zu Beginn der Saison sind es Trainingsfahrten von 60 bis 80 km Distanz.<br \/>Sp\u00e4ter sind es Tagestouren von 100 bis 130 km, meistens mit Begleitfahrzeug und Mittagshalt.<\/p>\n<p>Unsere n\u00e4chste Tour finden Sie jeweils im\u00a0Jahresprogramm.<\/p>\n<p>Als ZKB-MitarbeiterIn haben Sie das alleine Fahren satt. Sie w\u00fcrden einmal gerne unverbindlich bei einer Ausfahrt mitfahren.<br \/>Kein Problem &#8211; Sprechen Sie einfach mit den Technischen Leitern \u00fcber Ihre Teilnahme.<br \/>Andy Schneider \u00a0 \u00a0 Telefon: 055 \/ 412 87 39<br \/>J\u00fcrg Jehli\u00a0 \u00a0 \u00a0 \u00a0 \u00a0 \u00a0 \u00a0 \u00a0Telefon: 079 \/ 511 99 22<\/p>\n\n\n<p><\/p>\n","protected":false},"excerpt":{"rendered":"<p>Die Sektion Radsport veranstaltet w\u00e4hrend des Jahres rund 20 Anl\u00e4sse auf dem Rennrad. Zu Beginn der Saison sind es Trainingsfahrten von 60 bis 80 km Distanz.Sp\u00e4ter sind es Tagestouren von 100 bis 130 km, meistens mit Begleitfahrzeug und Mittagshalt. Unsere n\u00e4chste Tour finden Sie jeweils im\u00a0Jahresprogramm. Als ZKB-MitarbeiterIn haben Sie das alleine Fahren satt. Sie [&hellip;]<\/p>\n","protected":false},"author":1,"featured_media":144,"parent":3785,"menu_order":0,"comment_status":"closed","ping_status":"closed","template":"sektion.php","meta":{"footnotes":""},"class_list":["post-3","page","type-page","status-publish","has-post-thumbnail","hentry"],"_links":{"self":[{"href":"https:\/\/zkbsportclub.ch\/rad\/wp-json\/wp\/v2\/pages\/3","targetHints":{"allow":["GET"]}}],"collection":[{"href":"https:\/\/zkbsportclub.ch\/rad\/wp-json\/wp\/v2\/pages"}],"about":[{"href":"https:\/\/zkbsportclub.ch\/rad\/wp-json\/wp\/v2\/types\/page"}],"author":[{"embeddable":true,"href":"https:\/\/zkbsportclub.ch\/rad\/wp-json\/wp\/v2\/users\/1"}],"replies":[{"embeddable":true,"href":"https:\/\/zkbsportclub.ch\/rad\/wp-json\/wp\/v2\/comments?post=3"}],"version-history":[{"count":10,"href":"https:\/\/zkbsportclub.ch\/rad\/wp-json\/wp\/v2\/pages\/3\/revisions"}],"predecessor-version":[{"id":4943,"href":"https:\/\/zkbsportclub.ch\/rad\/wp-json\/wp\/v2\/pages\/3\/revisions\/4943"}],"up":[{"embeddable":true,"href":"https:\/\/zkbsportclub.ch\/rad\/wp-json\/wp\/v2\/pages\/3785"}],"wp:featuredmedia":[{"embeddable":true,"href":"https:\/\/zkbsportclub.ch\/rad\/wp-json\/wp\/v2\/media\/144"}],"wp:attachment":[{"href":"https:\/\/zkbsportclub.ch\/rad\/wp-json\/wp\/v2\/media?parent=3"}],"curies":[{"name":"wp","href":"https:\/\/api.w.org\/{rel}","templated":true}]}}