{"id":258,"date":"2014-05-14T09:37:43","date_gmt":"2014-05-14T09:37:43","guid":{"rendered":"https:\/\/zkbsportclub.ch\/rad\/?page_id=258"},"modified":"2026-04-12T21:59:06","modified_gmt":"2026-04-12T19:59:06","slug":"news","status":"publish","type":"page","link":"https:\/\/zkbsportclub.ch\/rad\/","title":{"rendered":"News"},"content":{"rendered":"<hr \/>\n<h4><span style=\"color: #0000ff\">TF Linthebene 11. April 2026 &#8211; Bericht<\/span><\/h4>\n<p>Nachdem wir uns am Vortag noch von unserem langj\u00e4hrigen Club-Kameraden Silvio Guntli f\u00fcr immer verabschieden mussten, konnte heute bei perfektem Wetter die Tourensaison 2026 mit der TF im Linthgebiet er\u00f6ffnet werden. Wie f\u00fcr einen Saisonstart noch sinnvoll, handelt es sich um eine ausgesprochen flache Einrolltour, mit Start und Ziel beim Hallenbad \/ Seebad in Schmerikon am oberen Z\u00fcrichsee.<\/p>\n<p>Am Start haben sich 10 Fahrer eingefunden, die sich in 3 Gruppen auf die Strecke gemacht haben, n\u00e4mlich:<br \/>G1 mit Max (Leiter), mit Roger und Gast Roland<br \/>G2 mit Paul (Leiter), mit Thomas M. und Bruno<br \/>G3 mit Andy (Leiter), mit Judith, Susanna und Heiner<\/p>\n<p>Die G1 machte ein paar Umwege und traf immer wieder auf die \u00fcbrigen Gruppen. Nach der Zwischenverpflegung ging es dann in Siebnen Richtung Vorderberg und dann wieder hinunter nach Galgenen. Hier war nochmals eine Anh\u00f6he zu \u00fcberwinden, die geplante Abfahrt war dann nur f\u00fcr Mountainbikes tauglich und zwang uns nach einem Ausweichversuch doch zum Umkehren. Aus Zeitgr\u00fcnden und den zus\u00e4tzlichen H\u00f6henmetern wurde der Buchberg umfahren. Nach dem flachen Restst\u00fcck erreichten auch wir das Ziel knapp nach den andern Gruppen.<\/p>\n<p>Die G2 pedalte kreuz und quer, aber alles flach im Linthgebiet zwischen Ziegelbr\u00fccke und Lachen herum.<\/p>\n<p>Die G3 durfte einzelne Schlaufen auslassen, wurde daf\u00fcr an einigen Stellen durch die verwinkelte, schmale und mit Fussg\u00e4ngern und Autos beeintr\u00e4chtigte Strecke stark gefordert \u2026 und gef\u00f6rdert ! Ich durfte ein toll motiviertes und fr\u00f6hliches Gr\u00fcppchen durch die Gegend und den herrlichen Fr\u00fchling f\u00fchren.<\/p>\n<p>Die drei Gruppen trafen sich auf halber Strecke auf der Terrasse des Restaurant R\u00f6ssli in Sch\u00fcbelbach zum Kaffee-\/Imbisshalt.<\/p>\n<p>Nach knapp 3 Stunden Fahrzeit trafen sich die drei Gruppen zeitnah wieder am Start-\/Zielort in Schmerikon, f\u00fcr einige gab es noch ein Bierchen bei der angrenzenden Boggiahalle.<\/p>\n<p>Und zum Schluss noch das Wichtigste: diese erste Ausfahrt ist f\u00fcr alle unfallfrei abgelaufen. Perfekter Start in die neue Saison!<\/p>\n<hr \/>\n<h4><span style=\"color: #0000ff\">Silvio Guntli<\/span><\/h4>\n<div dir=\"ltr\"><img decoding=\"async\" src=\"https:\/\/zkbsportclub.ch\/rad\/wp-content\/uploads\/sites\/38\/2026\/04\/2026-04-01-Traueranzeige-Silvio-A.-Guntli.jpg\" \/><\/div>\n<hr \/>\n<h4><span style=\"color: #ff00ff\"><a style=\"color: #ff00ff\" href=\"https:\/\/zkbsportclub.ch\/rad\/wp-content\/uploads\/sites\/38\/2026\/03\/LS00-Jahresprogramm2026_V_2026-03-05.pdf\" target=\"_blank\" rel=\"noopener\"><strong><span style=\"color: #00ff00\">Jahresprogramm 2026<\/span><\/strong><\/a><\/span>\u00a0<strong>als PDF zum Ausdrucken (Version vom 05.03.2026)<\/strong><\/h4>\n<hr \/>\n<h4><span style=\"color: #0000ff\">Jahresbericht 2025<\/span><\/h4>\n<p>Der Jahresbericht der Saison 2025 ist unter dem Menupunkt &#8222;Jahresberichte&#8220; nachzulesen.<\/p>\n<div><hr \/><\/div>\n<h4><span style=\"color: #0000ff\">Touren \/ Anl\u00e4sse:<\/span><\/h4>\n\n<div class=\"em em-view-container\" id=\"em-view-127635187\" data-view=\"list\">\r\n\t<div class=\"em pixelbones em-list em-events-list\" id=\"em-events-list-127635187\" data-view-id=\"127635187\">\r\n\t<table>\r\n\t<tr>\r\n\t\t<th>Datum<\/th>\r\n\t\t<th>Anlass<\/th>\r\n\t\t<th>Ort<\/th>\r\n\t\t<th>Offen f\u00fcr<\/th>\r\n\t\t<th><\/th>\r\n\t<\/tr>  <tr>\r\n\t <td>25.04.2026<\/td>\r\n     <td><a href=\"https:\/\/zkbsportclub.ch\/rad\/events\/tf-zhol-seentour\/\">TF ZHOL Seentour<\/a><\/td>\r\n\t <td><a href=\"https:\/\/zkbsportclub.ch\/rad\/locations\/volketswil-3\/\">Volketswil<\/a><\/td>\r\n\t <td>Alle<\/td>\r\n      <td>\r\n\t\t  \r\n\t\t\t\t<span class=\"em-icon em-icon-ticket\"><\/span>\r\n\t\t\t\r\n\t  <\/td>\r\n  <\/tr>  <tr>\r\n\t <td>09.05.2026<\/td>\r\n     <td><a href=\"https:\/\/zkbsportclub.ch\/rad\/events\/tf-baldinger-5\/\">TF Baldinger<\/a><\/td>\r\n\t <td><a href=\"https:\/\/zkbsportclub.ch\/rad\/locations\/embrach\/\">R\u00fcmlang Hallenbad Heuel<\/a><\/td>\r\n\t <td>Alle<\/td>\r\n      <td>\r\n\t\t  \r\n\t  <\/td>\r\n  <\/tr>  <tr>\r\n\t <td>16.05.2026<\/td>\r\n     <td><a href=\"https:\/\/zkbsportclub.ch\/rad\/events\/tf-rund-um-de-irchel-2\/\">TF Rund um de Irchel<\/a><\/td>\r\n\t <td><a href=\"https:\/\/zkbsportclub.ch\/rad\/locations\/volketswil-3\/\">Volketswil<\/a><\/td>\r\n\t <td>Alle<\/td>\r\n      <td>\r\n\t\t  \r\n\t  <\/td>\r\n  <\/tr>  <tr>\r\n\t <td>30.05.2026<\/td>\r\n     <td><a href=\"https:\/\/zkbsportclub.ch\/rad\/events\/tt-schlosstour-2\/\">TT Schlosstour<\/a><\/td>\r\n\t <td><a href=\"https:\/\/zkbsportclub.ch\/rad\/?post_type=page&#038;p=258\"><\/a><\/td>\r\n\t <td>Alle<\/td>\r\n      <td>\r\n\t\t  \r\n\t  <\/td>\r\n  <\/tr>  <tr>\r\n\t <td>13.06.2026<\/td>\r\n     <td><a href=\"https:\/\/zkbsportclub.ch\/rad\/events\/tt-moscht-indien\/\">TT Moscht-Indien<\/a><\/td>\r\n\t <td><a href=\"https:\/\/zkbsportclub.ch\/rad\/locations\/volketswil-3\/\">Volketswil<\/a><\/td>\r\n\t <td>Alle<\/td>\r\n      <td>\r\n\t\t  \r\n\t  <\/td>\r\n  <\/tr><\/table>\t<\/div>\r\n<\/div>\n<hr \/>\n<div dir=\"ltr\">\n<div>\u00a0<\/div>\n<\/div>\n<h4><span style=\"color: #0000ff\">Sponser Sportfood<\/span><\/h4>\n<p>Wir k\u00f6nnen \u00fcber den Sportclub der ZKB <span style=\"color: #ff0000\"><strong>Ern\u00e4hrungsprodukte von SPONSER <\/strong><span style=\"color: #000000\">verg\u00fcnstigt beziehen.<\/span><\/span><\/p>\n<p>Das <strong>Angebot<\/strong> \/ Bedingungen \/ Vorgehen findet Ihr auf der <a href=\"https:\/\/zkbsportclub.ch\/vorstand\/sponser-sportfood\/\" target=\"_blank\" rel=\"noopener\">Homepage des Sportclub Z\u00fcrcher Kantonalbank unter der Rubrik &#8222;Angebote&#8220;<\/a>.<br \/>Die Artikel auf der Homepage von <a href=\"https:\/\/sponser.ch\/collections\/all\" target=\"_blank\" rel=\"noopener\">SPONSER unter der Rubrik &#8222;Produkte&#8220;<\/a>\u00a0 suchen.<br \/>Wir haben bei Sponsor einen Rabatt von rund 40% im Onlineshop.\u00a0<br \/>Die Versandkosten betragen ab CHF 20.- Bestellwert CHF 9.90 pro Lieferung.<\/p>\n<p><strong>Bestellungen<\/strong> wie folgt:\u00a0<br \/>Mail an <a href=\"mailto:sportclub@zkb.ch\">sportclub@zkb.ch<\/a> (Martin Brauchli) schicken mit folgenden Informationen:<\/p>\n<ul>\n<li><span style=\"color: initial\">Gew\u00fcnschte Produkte<\/span><\/li>\n<li>Rechnungs- bzw. Lieferadresse (falls nicht identisch, beide angeben)<\/li>\n<\/ul>\n<hr \/>\n<h4><span style=\"color: #0000ff\">Velo-Kleider<\/span> <span style=\"color: #0000ff\">&#8211; Material:<\/span><\/h4>\n<p>Im <strong>Mitgliederbereich<\/strong>\u00a0unter dem Titel &#8222;<strong>Dokumente<\/strong>&#8220; findest Du die aktuelle Liste der verf\u00fcgbaren ZKB-Velo-Kleider und sonstigem Material mit Preisen.<\/p>\n<hr \/>\n<h4><span style=\"color: #0000ff\">Podium Jahreswertung<\/span><\/h4>\n<p><a href=\"https:\/\/zkbsportclub.ch\/rad\/wp-content\/uploads\/sites\/38\/2025\/11\/Abschlussabend-2025-scaled.jpeg\" data-rel=\"lightbox-image-0\" data-rl_title=\"\" data-rl_caption=\"\" title=\"\"><img loading=\"lazy\" decoding=\"async\" class=\"alignnone size-medium wp-image-5441\" src=\"https:\/\/zkbsportclub.ch\/rad\/wp-content\/uploads\/sites\/38\/2025\/11\/Abschlussabend-2025-225x300.jpeg\" alt=\"\" width=\"225\" height=\"300\" srcset=\"https:\/\/zkbsportclub.ch\/rad\/wp-content\/uploads\/sites\/38\/2025\/11\/Abschlussabend-2025-225x300.jpeg 225w, https:\/\/zkbsportclub.ch\/rad\/wp-content\/uploads\/sites\/38\/2025\/11\/Abschlussabend-2025-768x1024.jpeg 768w, https:\/\/zkbsportclub.ch\/rad\/wp-content\/uploads\/sites\/38\/2025\/11\/Abschlussabend-2025-scaled.jpeg 1920w\" sizes=\"auto, (max-width: 225px) 100vw, 225px\" \/><\/a><\/p>\n<p>Die ersten drei Pl\u00e4tze in der Jahreswertung der Saison 2025 von links nach rechts:<br \/>Platz 2 Andy Schneider,\u00a0 \u00a0Platz 1 Bruno Vogel,\u00a0 \u00a0Platz 3 Max Rindlisbacher<\/p>\n<hr \/>\n<h4><span style=\"color: #0000ff\">Gesetze \/ Verhaltensregeln betreffend Velofahren: <\/span><\/h4>\n<ul>\n<li><a href=\"https:\/\/zkbsportclub.ch\/rad\/wp-content\/uploads\/sites\/38\/2023\/03\/2023-03-08-Werden-Velofahrer-auch-geblitzt.pdf\" target=\"_blank\" rel=\"noopener\">Beleuchtung von schnellen e-Bikes<\/a><\/li>\n<li><a href=\"https:\/\/zkbsportclub.ch\/rad\/wp-content\/uploads\/sites\/38\/2023\/03\/2023-03-11-Veloregeln-fuer-Velos.pdf\" target=\"_blank\" rel=\"noopener\">Einige n\u00fctzliche Veloregeln<\/a><\/li>\n<\/ul>\n<hr \/>\n<h4>\u00a0<\/h4>\n\n\n<p><\/p>\n","protected":false},"excerpt":{"rendered":"<p>TF Linthebene 11. April 2026 &#8211; Bericht Nachdem wir uns am Vortag noch von unserem langj\u00e4hrigen Club-Kameraden Silvio Guntli f\u00fcr immer verabschieden mussten, konnte heute bei perfektem Wetter die Tourensaison 2026 mit der TF im Linthgebiet er\u00f6ffnet werden. Wie f\u00fcr einen Saisonstart noch sinnvoll, handelt es sich um eine ausgesprochen flache Einrolltour, mit Start und [&hellip;]<\/p>\n","protected":false},"author":6,"featured_media":3654,"parent":0,"menu_order":0,"comment_status":"closed","ping_status":"closed","template":"sektion.php","meta":{"footnotes":""},"class_list":["post-258","page","type-page","status-publish","has-post-thumbnail","hentry"],"_links":{"self":[{"href":"https:\/\/zkbsportclub.ch\/rad\/wp-json\/wp\/v2\/pages\/258","targetHints":{"allow":["GET"]}}],"collection":[{"href":"https:\/\/zkbsportclub.ch\/rad\/wp-json\/wp\/v2\/pages"}],"about":[{"href":"https:\/\/zkbsportclub.ch\/rad\/wp-json\/wp\/v2\/types\/page"}],"author":[{"embeddable":true,"href":"https:\/\/zkbsportclub.ch\/rad\/wp-json\/wp\/v2\/users\/6"}],"replies":[{"embeddable":true,"href":"https:\/\/zkbsportclub.ch\/rad\/wp-json\/wp\/v2\/comments?post=258"}],"version-history":[{"count":2224,"href":"https:\/\/zkbsportclub.ch\/rad\/wp-json\/wp\/v2\/pages\/258\/revisions"}],"predecessor-version":[{"id":5554,"href":"https:\/\/zkbsportclub.ch\/rad\/wp-json\/wp\/v2\/pages\/258\/revisions\/5554"}],"wp:featuredmedia":[{"embeddable":true,"href":"https:\/\/zkbsportclub.ch\/rad\/wp-json\/wp\/v2\/media\/3654"}],"wp:attachment":[{"href":"https:\/\/zkbsportclub.ch\/rad\/wp-json\/wp\/v2\/media?parent=258"}],"curies":[{"name":"wp","href":"https:\/\/api.w.org\/{rel}","templated":true}]}}