{"id":150,"date":"2014-03-26T08:58:11","date_gmt":"2014-03-26T08:58:11","guid":{"rendered":"https:\/\/zkbsportclub.ch\/rad\/?page_id=150"},"modified":"2019-12-25T12:26:04","modified_gmt":"2019-12-25T11:26:04","slug":"historie","status":"publish","type":"page","link":"https:\/\/zkbsportclub.ch\/rad\/unsere-sektion\/historie\/","title":{"rendered":"Historie"},"content":{"rendered":"<p>Zu unserem 25 Jahre Jubil\u00e4um im Jahre 2002 haben sich einige Treue Anh\u00e4nger die M\u00fche gemacht eine Chronik des ZKB Radsports zu schreiben!<\/p>\n<p><b>Verfasser<\/b><br \/>\nBruno Maissen<\/p>\n<p><b>Im Weiteren haben mitgewirkt:<\/b><br \/>\nBudliger Hansruedi<br \/>\nHadorn Georges<br \/>\nKaufmann Gottlieb<br \/>\nKleesattel Heinrich<br \/>\nKn\u00f6pfel Robert<br \/>\nKupferschmid Alfred<\/p>\n<p><a title=\"Chronig\" href=\"https:\/\/zkbsportclub.ch\/rad\/wp-content\/uploads\/sites\/38\/2014\/03\/CHRONIK_zkbradsport.pdf\">Chronik ZKB Radsport<\/a><\/p>\n","protected":false},"excerpt":{"rendered":"<p>Zu unserem 25 Jahre Jubil\u00e4um im Jahre 2002 haben sich einige Treue Anh\u00e4nger die M\u00fche gemacht eine Chronik des ZKB Radsports zu schreiben! Verfasser Bruno Maissen Im Weiteren haben mitgewirkt: Budliger Hansruedi Hadorn Georges Kaufmann Gottlieb Kleesattel Heinrich Kn\u00f6pfel Robert Kupferschmid Alfred Chronik ZKB Radsport<\/p>\n","protected":false},"author":1,"featured_media":144,"parent":3785,"menu_order":0,"comment_status":"closed","ping_status":"closed","template":"sektion.php","meta":{"footnotes":""},"class_list":["post-150","page","type-page","status-publish","has-post-thumbnail","hentry"],"_links":{"self":[{"href":"https:\/\/zkbsportclub.ch\/rad\/wp-json\/wp\/v2\/pages\/150","targetHints":{"allow":["GET"]}}],"collection":[{"href":"https:\/\/zkbsportclub.ch\/rad\/wp-json\/wp\/v2\/pages"}],"about":[{"href":"https:\/\/zkbsportclub.ch\/rad\/wp-json\/wp\/v2\/types\/page"}],"author":[{"embeddable":true,"href":"https:\/\/zkbsportclub.ch\/rad\/wp-json\/wp\/v2\/users\/1"}],"replies":[{"embeddable":true,"href":"https:\/\/zkbsportclub.ch\/rad\/wp-json\/wp\/v2\/comments?post=150"}],"version-history":[{"count":3,"href":"https:\/\/zkbsportclub.ch\/rad\/wp-json\/wp\/v2\/pages\/150\/revisions"}],"predecessor-version":[{"id":1956,"href":"https:\/\/zkbsportclub.ch\/rad\/wp-json\/wp\/v2\/pages\/150\/revisions\/1956"}],"up":[{"embeddable":true,"href":"https:\/\/zkbsportclub.ch\/rad\/wp-json\/wp\/v2\/pages\/3785"}],"wp:featuredmedia":[{"embeddable":true,"href":"https:\/\/zkbsportclub.ch\/rad\/wp-json\/wp\/v2\/media\/144"}],"wp:attachment":[{"href":"https:\/\/zkbsportclub.ch\/rad\/wp-json\/wp\/v2\/media?parent=150"}],"curies":[{"name":"wp","href":"https:\/\/api.w.org\/{rel}","templated":true}]}}