{"id":426,"date":"2014-07-04T21:33:06","date_gmt":"2014-07-04T21:33:06","guid":{"rendered":"https:\/\/zkbsportclub.ch\/laufen\/?page_id=426"},"modified":"2026-04-30T09:01:50","modified_gmt":"2026-04-30T07:01:50","slug":"aktuelle-saison","status":"publish","type":"page","link":"https:\/\/zkbsportclub.ch\/laufen\/aktuelle-saison\/","title":{"rendered":"Aktuelle Saison"},"content":{"rendered":"<div class=\"yourcustomclass\"><ul class=\"nav nav-tabs\" id=\"oscitas-tabs-0\"><li class=\"active\"><a class=\"\" href=\"#pane-0-0\" data-toggle=\"tab\">Jahresprogramm<\/a><\/li><li class=\"\"><a class=\"\" href=\"#pane-0-1\" data-toggle=\"tab\">Gemeinsames Training<\/a><\/li><li class=\"\"><a class=\"\" href=\"#pane-0-2\" data-toggle=\"tab\">Marathon-Vorbereitung<\/a><\/li><li class=\"\"><a class=\"\" href=\"#pane-0-3\" data-toggle=\"tab\">Sponser-Artikel<\/a><\/li><li class=\"\"><a class=\"\" href=\"#pane-0-4\" data-toggle=\"tab\">Skinfit Einkaufswochen<\/a><\/li><\/ul><div class=\"tab-content\"><div class=\"tab-pane active\" id=\"pane-0-0\"><\/p>\n<p><a href=\"https:\/\/zkbsportclub.ch\/laufen\/wp-content\/uploads\/sites\/29\/2026\/02\/LC-ZKB_Jahresprogramm-2026.pdf\" target=\"_blank\" rel=\"noopener\">2026 Jahresprogramm (pdf)<\/a><\/p>\n<ul>\n<p>Programm<\/p>\n<li>Sa 14.03.26: <a href=\"https:\/\/zkbsportclub.ch\/laufen\/wp-content\/uploads\/sites\/29\/2026\/02\/Ausschreibung_Oberseelauf.pdf\" target=\"_blank\" rel=\"noopener\">Oberseelauf<\/a><\/li>\n\n<li>Sa 25.04.26: <a href=\"https:\/\/zkbsportclub.ch\/laufen\/wp-content\/uploads\/sites\/29\/2026\/03\/Ausschreibung_Wald.pdf\" target=\"_blank\" rel=\"noopener\">Lauf in Wald<\/a><\/li>\n\n<li>Sa 09.05.26: <a href=\"https:\/\/gpbern.ch\/\" target=\"_blank\">LC am 44. Grand Prix Bern<\/a><\/li>\n\n<li>Sa 23.05.26: <a href=\"https:\/\/zkbsportclub.ch\/laufen\/wp-content\/uploads\/sites\/29\/2026\/03\/Ausschreibung_Meilemer_Tobellauf.pdf\" target=\"_blank\" rel=\"noopener\">Meilemer Tobellauf<\/a><\/li>\n\n<li>Sa 13.06.26: <a href=\"https:\/\/zkbsportclub.ch\/laufen\/wp-content\/uploads\/sites\/29\/2025\/05\/Ausschreibung_Zumikon.pdf\" target=\"_blank\" rel=\"noopener\">LC am Zumiker Lauf<\/a><\/li>\n\n<li>Fr 03.07.26: <a href=\"https:\/\/zkbsportclub.ch\/laufen\/wp-content\/uploads\/sites\/29\/2025\/06\/Ausschreibung_Sunset_Rappi.pdf\" target=\"_blank\" rel=\"noopener\">Sunset-Lauf Rapperswil<\/a><\/li>\n\n<li>Sa 08.08.26: <a href=\"https:\/\/zkbsportclub.ch\/laufen\/wp-content\/uploads\/sites\/29\/2025\/07\/Ausschreibung_Lauf_Greifensee.pdf\" target=\"_blank\" rel=\"noopener\">Lauf am Greifensee<\/a><\/li>\n\n<li>Mi 09.09.26: Abendlauf ab der ZKB Hard<\/li>\n\n<li>So 04.10.26: <a href=\"https:\/\/zkbsportclub.ch\/laufen\/wp-content\/uploads\/sites\/29\/2025\/08\/Ausschreibung_91Murtenlauf.pdf\" target=\"_blank\" rel=\"noopener\">LC am 92. Murtenlauf<\/a><\/li>\n\n<li>Sa 07.11.26: <a href=\"https:\/\/zkbsportclub.ch\/laufen\/wp-content\/uploads\/sites\/29\/2025\/10\/Ausschreibung_Herbstlauf_Winterthur.pdf\" target=\"_blank\" rel=\"noopener\">Winterthurer Herbstlauf<\/a><\/li>\n\n<li>Fr 20.11.26: <a href=\"https:\/\/zkbsportclub.ch\/laufen\/wp-content\/uploads\/sites\/29\/2025\/10\/Ausschreibung_Saisonabschluss.pdf\" target=\"_blank\" rel=\"noopener\">Saisonabschlussfeier<\/a><\/li>\n\n<li>So 10.01.27: <a href=\"https:\/\/zkbsportclub.ch\/laufen\/wp-content\/uploads\/sites\/29\/2024\/12\/20250112_Ausschreibung_StadtOL_Glattpark.pdf\" target=\"_blank\" rel=\"noopener\">Winter-Stadt-OL in Uster<\/a><\/li>\n\n<li>Do 21.01.27: Generalversammlung<\/li>\n<\/ul>\n<p><\/div><div class=\"tab-pane \" id=\"pane-0-1\"><\/p>\n<ul>\n<li>Ab ZKB Hard: donnerstags, 11:45 Uhr, Portier Hard E, mit Ren\u00e9 Balz<\/li>\n<li>Ab ZKB City: mittwochs und freitags, Mittagslauf, Interessierte melden sich bitte direkt bei Marc Mattes, WSA1<\/li>\n<\/ul>\n<p>Eine Anmeldung ist nicht erforderlich. Die Organisatoren freuen sich auf rege Beteiligung.<\/p>\n<p><\/div><div class=\"tab-pane \" id=\"pane-0-2\"><\/p>\n<p>Die Mitglieder der Lauf-Community haben ab sofort bis zum Z\u00fcrich-Marathon die M\u00f6glichkeit, ein vom TG H\u00fctten geleitetes Marathon-Vorbereitungstraining zu besuchen. F\u00fcr Mitglieder sind die Trainings kostenlos. Eine Online-Anmeldung (<a href=\"https:\/\/nuudel.digitalcourage.de\/YswPCPbo5EYVGf22\" target=\"_blank\">Link f\u00fcr Februar<\/a> &#8211; <a href=\"https:\/\/nuudel.digitalcourage.de\/K2m26KmqvZK3cjO7\" target=\"_blank\">Link f\u00fcr M\u00e4rz<\/a>) ist erforderlich. Garderobe (ohne Dusche) und abschliessbare K\u00e4stchen (2.- Depot) stehen zur Verf\u00fcgung.<\/p>\n<p>Ort: Milandia Greifensee<\/p>\n<p>Datum: samstags, siehe Anmelde-Link<\/p>\n<p>Zeit: 10:00 &#8211; 12:00 Uhr<\/p><br><br>\n<p><a href=\"https:\/\/zkbsportclub.ch\/laufen\/wp-content\/uploads\/sites\/29\/2026\/03\/BerichtTrainingTGHuetten-1.pdf\" target=\"_blank\">Bericht Lauftraining<\/a><\/p>\n\n\n<p><\/div><div class=\"tab-pane \" id=\"pane-0-3\"><\/p>\n<p>Wir haben die M\u00f6glichkeit Sponser-Artikel verg\u00fcnstigt einzukaufen.<\/p>\n<p>Weitere Informationen (Angebot &amp; Konditionen, Bestellung &amp; Versand) dazu sind der <a href=\"https:\/\/zkbsportclub.ch\/vorstand\/sponser-sportfood\/\" target=\"_blank\" rel=\"noopener noreferrer\">Website vom Sportclub<\/a> zu entnehmen.<\/p>\n<p><\/div><div class=\"tab-pane \" id=\"pane-0-4\"><\/p>\n<p>Wir haben die M\u00f6glichkeit Skinfit-Artikel in bestimmten Wochen verg\u00fcnstigt einzukaufen (i.d.R. im Mai und November).<\/p>\n<p><strong>Die Skinfit Einkaufswochen finden vom 1. bis 18. November 2025 statt.<\/strong> <a href=\"https:\/\/zkbsportclub.ch\/laufen\/wp-content\/uploads\/sites\/29\/2025\/11\/SkinfitNovember25.pdf\" target=\"_blank\" rel=\"noopener noreferrer\">Mehr Infos und Bedingungen siehe Flyer.<\/a><\/p>\n<p><\/div><\/div><\/div>\n\n\n<p><\/p>\n","protected":false},"excerpt":{"rendered":"","protected":false},"author":41,"featured_media":0,"parent":0,"menu_order":0,"comment_status":"closed","ping_status":"closed","template":"sektion.php","meta":{"footnotes":""},"class_list":["post-426","page","type-page","status-publish","hentry"],"_links":{"self":[{"href":"https:\/\/zkbsportclub.ch\/laufen\/wp-json\/wp\/v2\/pages\/426","targetHints":{"allow":["GET"]}}],"collection":[{"href":"https:\/\/zkbsportclub.ch\/laufen\/wp-json\/wp\/v2\/pages"}],"about":[{"href":"https:\/\/zkbsportclub.ch\/laufen\/wp-json\/wp\/v2\/types\/page"}],"author":[{"embeddable":true,"href":"https:\/\/zkbsportclub.ch\/laufen\/wp-json\/wp\/v2\/users\/41"}],"replies":[{"embeddable":true,"href":"https:\/\/zkbsportclub.ch\/laufen\/wp-json\/wp\/v2\/comments?post=426"}],"version-history":[{"count":151,"href":"https:\/\/zkbsportclub.ch\/laufen\/wp-json\/wp\/v2\/pages\/426\/revisions"}],"predecessor-version":[{"id":8020,"href":"https:\/\/zkbsportclub.ch\/laufen\/wp-json\/wp\/v2\/pages\/426\/revisions\/8020"}],"wp:attachment":[{"href":"https:\/\/zkbsportclub.ch\/laufen\/wp-json\/wp\/v2\/media?parent=426"}],"curies":[{"name":"wp","href":"https:\/\/api.w.org\/{rel}","templated":true}]}}