{"id":160,"date":"2014-05-15T14:03:17","date_gmt":"2014-05-15T14:03:17","guid":{"rendered":"https:\/\/zkbsportclub.ch\/laufen\/?page_id=160"},"modified":"2025-02-22T14:47:42","modified_gmt":"2025-02-22T13:47:42","slug":"die-laufergruppe","status":"publish","type":"page","link":"https:\/\/zkbsportclub.ch\/laufen\/die-laufergruppe\/","title":{"rendered":"Die Lauf-Community"},"content":{"rendered":"\n<br>\n\n\n\n<p>Die Lauf-Community (ehemals ZKB L\u00e4ufergruppe) wurde am 5. Januar 1983 gegr\u00fcndet.<\/p>\n\n\n\n<p>Otto Gerber, Rolf Troller, Mario Rainoni, Franz Dudler und Markus Hany geh\u00f6rten zu den Gr\u00fcndungsmitgliedern. Mit steigender Popularit\u00e4t des Laufsportes und den zahlreichen regionalen und internationalen Laufveranstaltungen stieg die Nachfrage nach begleiteten Lauftrainings, wie zum Beispiel die Vorbereitung auf den &#8222;Z\u00fcri &#8211; Marathon&#8220;. Nebst dem sportlichen Training kommt auch der soziale Aspekt nicht zu kurz und nicht selten treffen sich Mitglieder der L\u00e4ufergruppe nach einem Lauf zu einem geselligen Zusammensein. So z\u00e4hlt die L\u00e4ufergruppe heute (Stand 2025) Rund 70 Mitglieder.<\/p>\n\n\n\n<br>\n\n\n\n<p><strong><span style=\"color: #000000\">Gr\u00fcndung der L\u00e4ufergruppe Z\u00fcrcher Kantonalbank<\/span><\/strong><\/p>\n\n\n\n<ul class=\"wp-block-list\">\n<li>Gr\u00fcndung einer neuen Sportsektion &#8211; <a href=\"https:\/\/zkbsportclub.ch\/laufen\/wp-content\/uploads\/sites\/29\/2014\/05\/gruendung.pdf\" target=\"_blank\" rel=\"noopener\">Ausschreibung<\/a> von 1982<\/li>\n\n\n\n<li>Das <a href=\"https:\/\/zkbsportclub.ch\/laufen\/wp-content\/uploads\/sites\/29\/2014\/05\/gruendungsprotokoll.pdf\" target=\"_blank\" rel=\"noopener\">Protokoll<\/a> \u00fcber die Gr\u00fcndungsversammlung der L\u00e4ufer Gruppe ZKB von 1983<\/li>\n<\/ul>\n\n\n\n<p><\/p>\n","protected":false},"excerpt":{"rendered":"<p>Die Lauf-Community (ehemals ZKB L\u00e4ufergruppe) wurde am 5. Januar 1983 gegr\u00fcndet. Otto Gerber, Rolf Troller, Mario Rainoni, Franz Dudler und Markus Hany geh\u00f6rten zu den Gr\u00fcndungsmitgliedern. Mit steigender Popularit\u00e4t des Laufsportes und den zahlreichen regionalen und internationalen Laufveranstaltungen stieg die Nachfrage nach begleiteten Lauftrainings, wie zum Beispiel die Vorbereitung auf den &#8222;Z\u00fcri &#8211; Marathon&#8220;. Nebst [&hellip;]<\/p>\n","protected":false},"author":1,"featured_media":0,"parent":0,"menu_order":0,"comment_status":"open","ping_status":"closed","template":"sektion.php","meta":{"footnotes":""},"class_list":["post-160","page","type-page","status-publish","hentry"],"_links":{"self":[{"href":"https:\/\/zkbsportclub.ch\/laufen\/wp-json\/wp\/v2\/pages\/160","targetHints":{"allow":["GET"]}}],"collection":[{"href":"https:\/\/zkbsportclub.ch\/laufen\/wp-json\/wp\/v2\/pages"}],"about":[{"href":"https:\/\/zkbsportclub.ch\/laufen\/wp-json\/wp\/v2\/types\/page"}],"author":[{"embeddable":true,"href":"https:\/\/zkbsportclub.ch\/laufen\/wp-json\/wp\/v2\/users\/1"}],"replies":[{"embeddable":true,"href":"https:\/\/zkbsportclub.ch\/laufen\/wp-json\/wp\/v2\/comments?post=160"}],"version-history":[{"count":14,"href":"https:\/\/zkbsportclub.ch\/laufen\/wp-json\/wp\/v2\/pages\/160\/revisions"}],"predecessor-version":[{"id":7444,"href":"https:\/\/zkbsportclub.ch\/laufen\/wp-json\/wp\/v2\/pages\/160\/revisions\/7444"}],"wp:attachment":[{"href":"https:\/\/zkbsportclub.ch\/laufen\/wp-json\/wp\/v2\/media?parent=160"}],"curies":[{"name":"wp","href":"https:\/\/api.w.org\/{rel}","templated":true}]}}