{"id":153,"date":"2014-05-15T14:01:00","date_gmt":"2014-05-15T14:01:00","guid":{"rendered":"https:\/\/zkbsportclub.ch\/laufen\/?page_id=153"},"modified":"2026-03-24T21:14:14","modified_gmt":"2026-03-24T20:14:14","slug":"home-2","status":"publish","type":"page","link":"https:\/\/zkbsportclub.ch\/laufen\/home-2\/","title":{"rendered":"Home"},"content":{"rendered":"\n<p><br>Die Lauf-Community ist eine selbst\u00e4ndige Sektion des Sportclubs der Z\u00fcrcher Kantonalbank. Sie bezweckt die Pflege und F\u00f6rderung des Laufens sowie die Kameradschaft unter ihren Mitgliedern.<\/p>\n\n\n\n<p>Die Lauf-Community veranstaltet w\u00e4hrend des Jahres rund ein Dutzend gemeinsame Laufanl\u00e4sse. Die diesj\u00e4hrigen Anl\u00e4sse kannst Du der Seite <a href=\"https:\/\/zkbsportclub.ch\/laufen\/aktuelle-saison\/\" data-type=\"page\" data-id=\"426\">Aktuelle Saison<\/a> entnehmen.<\/p>\n\n\n\n<p>Die Aktivit\u00e4ten der L\u00e4ufergruppe kannst Du im <a href=\"https:\/\/zkbsportclub.ch\/laufen\/wp-content\/uploads\/sites\/29\/2025\/02\/2024_Jahresbericht_Lauf-Community_ZKB.pdf\" target=\"_blank\" rel=\"noreferrer noopener\">Jahresbericht 2024<\/a> und in den Halbjahresberichten 2025 (<a href=\"https:\/\/zkbsportclub.ch\/laufen\/wp-content\/uploads\/sites\/29\/2025\/07\/Halbjahresbericht.pdf\" target=\"_blank\" rel=\"noreferrer noopener\">1. Halbjahr<\/a> \/ <a href=\"https:\/\/zkbsportclub.ch\/laufen\/wp-content\/uploads\/sites\/29\/2025\/12\/Halbjahresbericht_b_2025.pdf\" target=\"_blank\" rel=\"noreferrer noopener\">2. Halbjahr<\/a>) des Pr\u00e4sidenten nachlesen.<\/p>\n\n\n\n<p>Interessiert? Dann nimm mit unserem Pr\u00e4sident <a href=\"mailto:rene.balz@zkb.ch\" target=\"_blank\" rel=\"noreferrer noopener\">Ren\u00e9 Balz<\/a>, Tel. 044 292 30 08 Kontakt auf, um einen Schnuppertermin zu vereinbaren.<br><br><\/p>\n\n\n<div class=\"wp-block-image\">\n<figure class=\"aligncenter size-large is-resized\"><a href=\"https:\/\/zkbsportclub.ch\/laufen\/wp-content\/uploads\/sites\/29\/2021\/11\/IMG_0001_Homepage-e1636702005394.jpg\" data-rel=\"lightbox-image-0\" data-rl_title=\"\" data-rl_caption=\"\" title=\"\"><img loading=\"lazy\" decoding=\"async\" width=\"1024\" height=\"654\" src=\"https:\/\/zkbsportclub.ch\/laufen\/wp-content\/uploads\/sites\/29\/2021\/11\/IMG_0001_Homepage-e1636702005394-1024x654.jpg\" alt=\"\" class=\"wp-image-6153\" style=\"width:768px;height:491px\" srcset=\"https:\/\/zkbsportclub.ch\/laufen\/wp-content\/uploads\/sites\/29\/2021\/11\/IMG_0001_Homepage-e1636702005394-1024x654.jpg 1024w, https:\/\/zkbsportclub.ch\/laufen\/wp-content\/uploads\/sites\/29\/2021\/11\/IMG_0001_Homepage-e1636702005394-300x192.jpg 300w, https:\/\/zkbsportclub.ch\/laufen\/wp-content\/uploads\/sites\/29\/2021\/11\/IMG_0001_Homepage-e1636702005394-768x491.jpg 768w, https:\/\/zkbsportclub.ch\/laufen\/wp-content\/uploads\/sites\/29\/2021\/11\/IMG_0001_Homepage-e1636702005394-1536x981.jpg 1536w, https:\/\/zkbsportclub.ch\/laufen\/wp-content\/uploads\/sites\/29\/2021\/11\/IMG_0001_Homepage-e1636702005394-2048x1308.jpg 2048w\" sizes=\"auto, (max-width: 1024px) 100vw, 1024px\" \/><\/a><\/figure>\n<\/div>\n\n\n<p><\/p>\n","protected":false},"excerpt":{"rendered":"<p>Die Lauf-Community ist eine selbst\u00e4ndige Sektion des Sportclubs der Z\u00fcrcher Kantonalbank. Sie bezweckt die Pflege und F\u00f6rderung des Laufens sowie die Kameradschaft unter ihren Mitgliedern. Die Lauf-Community veranstaltet w\u00e4hrend des Jahres rund ein Dutzend gemeinsame Laufanl\u00e4sse. Die diesj\u00e4hrigen Anl\u00e4sse kannst Du der Seite Aktuelle Saison entnehmen. Die Aktivit\u00e4ten der L\u00e4ufergruppe kannst Du im Jahresbericht 2024 [&hellip;]<\/p>\n","protected":false},"author":24,"featured_media":0,"parent":0,"menu_order":0,"comment_status":"open","ping_status":"closed","template":"sektion.php","meta":{"footnotes":""},"class_list":["post-153","page","type-page","status-publish","hentry"],"_links":{"self":[{"href":"https:\/\/zkbsportclub.ch\/laufen\/wp-json\/wp\/v2\/pages\/153","targetHints":{"allow":["GET"]}}],"collection":[{"href":"https:\/\/zkbsportclub.ch\/laufen\/wp-json\/wp\/v2\/pages"}],"about":[{"href":"https:\/\/zkbsportclub.ch\/laufen\/wp-json\/wp\/v2\/types\/page"}],"author":[{"embeddable":true,"href":"https:\/\/zkbsportclub.ch\/laufen\/wp-json\/wp\/v2\/users\/24"}],"replies":[{"embeddable":true,"href":"https:\/\/zkbsportclub.ch\/laufen\/wp-json\/wp\/v2\/comments?post=153"}],"version-history":[{"count":70,"href":"https:\/\/zkbsportclub.ch\/laufen\/wp-json\/wp\/v2\/pages\/153\/revisions"}],"predecessor-version":[{"id":7978,"href":"https:\/\/zkbsportclub.ch\/laufen\/wp-json\/wp\/v2\/pages\/153\/revisions\/7978"}],"wp:attachment":[{"href":"https:\/\/zkbsportclub.ch\/laufen\/wp-json\/wp\/v2\/media?parent=153"}],"curies":[{"name":"wp","href":"https:\/\/api.w.org\/{rel}","templated":true}]}}