{"id":3,"date":"2013-11-18T15:17:44","date_gmt":"2013-11-18T15:17:44","guid":{"rendered":"https:\/\/zkbsportclub.chkorbball\/?page_id=3"},"modified":"2015-06-09T16:20:57","modified_gmt":"2015-06-09T16:20:57","slug":"home","status":"publish","type":"page","link":"https:\/\/zkbsportclub.ch\/korbball\/","title":{"rendered":"Home"},"content":{"rendered":"<h3>Korbball, eine kleine Einf\u00fchrung<\/h3>\n<p>Korbball wird im Sommer auf dem Rasen mit sechs Spielern pro Mannschaft gespielt, im Winter in der Halle mit f\u00fcnf Spielern pro Mannschaft. In beiden F\u00e4llen sind maximal vier Auswechselspieler erlaubt. Laut Regeln dauert ein Meisterschaftsspiel 2 x 15 Minuten mit zwei Minuten Pause. Allerdings weichen die Spielzeiten in vielen kantonalen Ligen aufgrund anderer Verbandsvorschriften erheblich davon ab.<br \/>\nDer Ball \u00e4hnelt einem Fussball. Der Umfang des Balles betr\u00e4gt 68 bis 72 cm und das Gewicht liegt zwischen 500 und 550 Gramm. Der Korb befindet sich in einer H\u00f6he von drei Metern und hat einen Durchmesser von 45 cm. Es befindet sich (im Gegensatz zum Basketball) keine Wand hinter dem Korb. Wird aufgrund der Hallenverh\u00e4ltnisse auf einen Basketballkorb gespielt, gibt ein Treffer, wenn der Ball direkt in den Korb f\u00e4llt, nur einen Punkt.<\/p>\n<p>Quelle:\u00a0<a href=\"http:\/\/www.stv-fsg.ch\/sportarten\/spiele\/korbball\" target=\"_blank\">www.stv-fsg.ch\/sportarten\/spiele\/korbball<\/a><\/p>\n<p>Wir spielen im Firmensport Regionalverband Z\u00fcrich\u00a0<a href=\"http:\/\/www.firmenkorbball.ch\/index.php\/zuerich\" target=\"_blank\">www.firmenkorbball.ch\/index.php\/zuerich<\/a>.<\/p>\n<p>Unsere Sektion \u00a0besteht seit dem \u00a020. September 1952.<\/p>\n<p>&nbsp;<\/p>\n<p><strong>Wann und wo wird trainiert?<\/strong><\/p>\n<p><strong>Damen:<\/strong>\u00a0\u00a0 Jeden Montag (ausser in den Schulferien) von 19.00 \u2013 20.30 Uhr in der Turnhalle Im Herrlig, Badenerstr. 724, 8048 Z\u00fcrich<\/p>\n<p><strong>Herren<\/strong> sind jederzeit herzlich willkkommen<\/p>\n<p>&nbsp;<\/p>\n<p>Bei Interesse an dieser Sportart meldet Euch bitte bei einer der unter Kontakt genannten Personen.<br \/>\nWir w\u00fcrden uns sehr\u00a0 freuen neue Mitspieler zu finden!<\/p>\n","protected":false},"excerpt":{"rendered":"<p>Korbball, eine kleine Einf\u00fchrung Korbball wird im Sommer auf dem Rasen mit sechs Spielern pro Mannschaft gespielt, im Winter in der Halle mit f\u00fcnf Spielern pro Mannschaft. In beiden F\u00e4llen sind maximal vier Auswechselspieler erlaubt. Laut Regeln dauert ein Meisterschaftsspiel 2 x 15 Minuten mit zwei Minuten Pause. Allerdings weichen die Spielzeiten in vielen kantonalen [&hellip;]<\/p>\n","protected":false},"author":1,"featured_media":288,"parent":0,"menu_order":1,"comment_status":"closed","ping_status":"closed","template":"sektion.php","meta":{"footnotes":""},"class_list":["post-3","page","type-page","status-publish","has-post-thumbnail","hentry"],"_links":{"self":[{"href":"https:\/\/zkbsportclub.ch\/korbball\/wp-json\/wp\/v2\/pages\/3","targetHints":{"allow":["GET"]}}],"collection":[{"href":"https:\/\/zkbsportclub.ch\/korbball\/wp-json\/wp\/v2\/pages"}],"about":[{"href":"https:\/\/zkbsportclub.ch\/korbball\/wp-json\/wp\/v2\/types\/page"}],"author":[{"embeddable":true,"href":"https:\/\/zkbsportclub.ch\/korbball\/wp-json\/wp\/v2\/users\/1"}],"replies":[{"embeddable":true,"href":"https:\/\/zkbsportclub.ch\/korbball\/wp-json\/wp\/v2\/comments?post=3"}],"version-history":[{"count":17,"href":"https:\/\/zkbsportclub.ch\/korbball\/wp-json\/wp\/v2\/pages\/3\/revisions"}],"predecessor-version":[{"id":443,"href":"https:\/\/zkbsportclub.ch\/korbball\/wp-json\/wp\/v2\/pages\/3\/revisions\/443"}],"wp:featuredmedia":[{"embeddable":true,"href":"https:\/\/zkbsportclub.ch\/korbball\/wp-json\/wp\/v2\/media\/288"}],"wp:attachment":[{"href":"https:\/\/zkbsportclub.ch\/korbball\/wp-json\/wp\/v2\/media?parent=3"}],"curies":[{"name":"wp","href":"https:\/\/api.w.org\/{rel}","templated":true}]}}