{"id":351,"date":"2014-04-18T15:42:29","date_gmt":"2014-04-18T15:42:29","guid":{"rendered":"https:\/\/zkbsportclub.ch\/golf\/?page_id=351"},"modified":"2019-05-20T15:36:59","modified_gmt":"2019-05-20T13:36:59","slug":"der-golfclub","status":"publish","type":"page","link":"https:\/\/zkbsportclub.ch\/golf\/der-golfclub\/","title":{"rendered":"Der Golfclub"},"content":{"rendered":"<p>Der Golfsport erlebt seit einigen Jahren einen markanten Anstieg der Interessenten und hat sich zu einer popul\u00e4ren Sportart entwickelt. Der &#8222;Golfclub Z\u00fcrcher Kantonalbank&#8220; wurde am 14.04.2010 gegr\u00fcndet und soll Mitarbeitenden eine Plattform bieten, um sich weiter vernetzen zu k\u00f6nnen und das Golfspiel innerhalb der Z\u00fcrcher Kantonalbank zu f\u00f6rdern.<\/p>\n<p>Der &#8222;Golfclub Z\u00fcrcher Kantonalbank&#8220; gilt als Verein unabh\u00e4ngig von der T\u00e4tigkeit, der Funktion und dem Rang der Mitglieder und ist f\u00fcr alle Mitarbeitenden der Z\u00fcrcher Kantonalbank zug\u00e4nglich.<\/p>\n<p><strong>Ziele<\/strong><\/p>\n<ul>\n<li>Offener Golfclub f\u00fcr golfinteressierte Mitarbeitende der Z\u00fcrcher Kantonalbank<\/li>\n<li>Einfacher Einstieg f\u00fcr Beginner\/Anf\u00e4nger<\/li>\n<li>Unterst\u00fctzung zur Verbesserung des Handicaps<\/li>\n<li>Turniere auf Golfpl\u00e4tzen im Wirtschaftsraum Z\u00fcrich f\u00fcr Mitglieder des Golfclubs<\/li>\n<li>Zugang zu Turnieren (Z\u00fcrcher Bankenturnier, usw.)<\/li>\n<li>Vernetzung mit anderen Golfclubs<\/li>\n<\/ul>\n<p><strong>\u00a0<\/strong><\/p>\n","protected":false},"excerpt":{"rendered":"<p>Der Golfsport erlebt seit einigen Jahren einen markanten Anstieg der Interessenten und hat sich zu einer popul\u00e4ren Sportart entwickelt. Der &#8222;Golfclub Z\u00fcrcher Kantonalbank&#8220; wurde am 14.04.2010 gegr\u00fcndet und soll Mitarbeitenden eine Plattform bieten, um sich weiter vernetzen zu k\u00f6nnen und das Golfspiel innerhalb der Z\u00fcrcher Kantonalbank zu f\u00f6rdern. Der &#8222;Golfclub Z\u00fcrcher Kantonalbank&#8220; gilt als Verein [&hellip;]<\/p>\n","protected":false},"author":5,"featured_media":154,"parent":0,"menu_order":0,"comment_status":"open","ping_status":"closed","template":"sektion.php","meta":{"footnotes":""},"class_list":["post-351","page","type-page","status-publish","has-post-thumbnail","hentry"],"_links":{"self":[{"href":"https:\/\/zkbsportclub.ch\/golf\/wp-json\/wp\/v2\/pages\/351","targetHints":{"allow":["GET"]}}],"collection":[{"href":"https:\/\/zkbsportclub.ch\/golf\/wp-json\/wp\/v2\/pages"}],"about":[{"href":"https:\/\/zkbsportclub.ch\/golf\/wp-json\/wp\/v2\/types\/page"}],"author":[{"embeddable":true,"href":"https:\/\/zkbsportclub.ch\/golf\/wp-json\/wp\/v2\/users\/5"}],"replies":[{"embeddable":true,"href":"https:\/\/zkbsportclub.ch\/golf\/wp-json\/wp\/v2\/comments?post=351"}],"version-history":[{"count":5,"href":"https:\/\/zkbsportclub.ch\/golf\/wp-json\/wp\/v2\/pages\/351\/revisions"}],"predecessor-version":[{"id":2951,"href":"https:\/\/zkbsportclub.ch\/golf\/wp-json\/wp\/v2\/pages\/351\/revisions\/2951"}],"wp:featuredmedia":[{"embeddable":true,"href":"https:\/\/zkbsportclub.ch\/golf\/wp-json\/wp\/v2\/media\/154"}],"wp:attachment":[{"href":"https:\/\/zkbsportclub.ch\/golf\/wp-json\/wp\/v2\/media?parent=351"}],"curies":[{"name":"wp","href":"https:\/\/api.w.org\/{rel}","templated":true}]}}