{"id":161,"date":"2014-03-27T14:48:09","date_gmt":"2014-03-27T14:48:09","guid":{"rendered":"https:\/\/zkbsportclub.ch\/golf\/?page_id=161"},"modified":"2014-04-18T15:34:34","modified_gmt":"2014-04-18T15:34:34","slug":"mitgliedschaft","status":"publish","type":"page","link":"https:\/\/zkbsportclub.ch\/golf\/mitgliedschaft\/","title":{"rendered":"Mitgliedschaft"},"content":{"rendered":"<p><strong>\u00a0<\/strong><\/p>\n<p>M\u00f6chten auch Sie von diesem Netzwerk profitieren, per Newsletter weiter \u00fcber den Fortschritt des Golfclubs der Z\u00fcrcher Kantonalbank orientiert werden oder sind Sie bereits jetzt an einer Mitgliedschaft interessiert?<\/p>\n<p>&nbsp;<\/p>\n<p><strong>Der Golfclub Z\u00fcrcher Kantonalbank ist offen f\u00fcr<\/strong><\/p>\n<ul>\n<li>Aktive und pensionierte Mitarbeitende der Z\u00fcrcher Kantonalbank<\/li>\n<li>Mitarbeitende von Tochterfirmen der Z\u00fcrcher Kantonalbank<\/li>\n<li>Ehe- und Lebenspartner<\/li>\n<li>Freunde (nur als passiv Mitglied)<\/li>\n<\/ul>\n<p>&nbsp;<\/p>\n<p><strong>Aktive Mitgliedschaft<\/strong><\/p>\n<ul>\n<li>\n<div>Jahresbeitrag CHF 150.-<\/div>\n<\/li>\n<li>Priorit\u00e4re Spielberechtigung bei den Turnieren<\/li>\n<li>Kein Aufpreis bei den Turnieren (nur Greenfee)<\/li>\n<\/ul>\n<p>&nbsp;<\/p>\n<p><strong>Passive Mitgliedschaft<\/strong><\/p>\n<ul>\n<li>Kein Jahresbeitrag<\/li>\n<li>Sekund\u00e4re Spielberechtigung bei den Turnieren<\/li>\n<li>Aufpreis pro Turnier CHF 60.- (f\u00fcr Turnierfee, Halfwayhouse &amp; Ap\u00e9ro)<\/li>\n<\/ul>\n","protected":false},"excerpt":{"rendered":"<p>\u00a0 M\u00f6chten auch Sie von diesem Netzwerk profitieren, per Newsletter weiter \u00fcber den Fortschritt des Golfclubs der Z\u00fcrcher Kantonalbank orientiert werden oder sind Sie bereits jetzt an einer Mitgliedschaft interessiert? &nbsp; Der Golfclub Z\u00fcrcher Kantonalbank ist offen f\u00fcr Aktive und pensionierte Mitarbeitende der Z\u00fcrcher Kantonalbank Mitarbeitende von Tochterfirmen der Z\u00fcrcher Kantonalbank Ehe- und Lebenspartner Freunde [&hellip;]<\/p>\n","protected":false},"author":1,"featured_media":154,"parent":0,"menu_order":0,"comment_status":"open","ping_status":"closed","template":"sektion.php","meta":{"footnotes":""},"class_list":["post-161","page","type-page","status-publish","has-post-thumbnail","hentry"],"_links":{"self":[{"href":"https:\/\/zkbsportclub.ch\/golf\/wp-json\/wp\/v2\/pages\/161","targetHints":{"allow":["GET"]}}],"collection":[{"href":"https:\/\/zkbsportclub.ch\/golf\/wp-json\/wp\/v2\/pages"}],"about":[{"href":"https:\/\/zkbsportclub.ch\/golf\/wp-json\/wp\/v2\/types\/page"}],"author":[{"embeddable":true,"href":"https:\/\/zkbsportclub.ch\/golf\/wp-json\/wp\/v2\/users\/1"}],"replies":[{"embeddable":true,"href":"https:\/\/zkbsportclub.ch\/golf\/wp-json\/wp\/v2\/comments?post=161"}],"version-history":[{"count":2,"href":"https:\/\/zkbsportclub.ch\/golf\/wp-json\/wp\/v2\/pages\/161\/revisions"}],"predecessor-version":[{"id":350,"href":"https:\/\/zkbsportclub.ch\/golf\/wp-json\/wp\/v2\/pages\/161\/revisions\/350"}],"wp:featuredmedia":[{"embeddable":true,"href":"https:\/\/zkbsportclub.ch\/golf\/wp-json\/wp\/v2\/media\/154"}],"wp:attachment":[{"href":"https:\/\/zkbsportclub.ch\/golf\/wp-json\/wp\/v2\/media?parent=161"}],"curies":[{"name":"wp","href":"https:\/\/api.w.org\/{rel}","templated":true}]}}