{"id":153,"date":"2014-02-08T10:18:26","date_gmt":"2014-02-08T10:18:26","guid":{"rendered":"https:\/\/zkbsportclub.ch\/fussball\/?page_id=153"},"modified":"2018-10-02T07:04:30","modified_gmt":"2018-10-02T07:04:30","slug":"agenda","status":"publish","type":"page","link":"https:\/\/zkbsportclub.ch\/fussball\/agenda\/","title":{"rendered":"Agenda"},"content":{"rendered":"<div class=\"table table-responsive\">\n<table class=\"table table-striped\" border=\"0\" width=\"65%\" cellpadding=\"0\" align=\"left\">\n<tbody>\n<tr>\n<td bgcolor=\"#CCCCCC\" width=\"10%\"><strong>Datum<\/strong><\/td>\n<td bgcolor=\"#CCCCCC\" width=\"35%\"><strong>Anlass \/ Ereignis<\/strong><\/td>\n<td bgcolor=\"#CCCCCC\" width=\"14%\"><strong>Ort<\/strong><\/td>\n<td bgcolor=\"#CCCCCC\" width=\"41%\"><strong>Bemerkungen \/ Dokumentation<\/strong><\/td>\n<\/tr>\n<tr>\n<td width=\"86\">17.01.2017<\/td>\n<td width=\"257\">Trainingsbeginn<\/td>\n<td width=\"166\">bei FIFA<\/td>\n<td width=\"166\">&nbsp;<\/td>\n<\/tr>\n<tr>\n<td width=\"86\">20.01.2017<\/td>\n<td width=\"257\">FC ZKB Jassturnier<\/td>\n<td width=\"166\">Sonnenberg<\/td>\n<td width=\"166\">Ausschreibung erfolgt<\/td>\n<\/tr>\n<tr>\n<td width=\"86\">04.02.2017<\/td>\n<td width=\"257\">Firmensport Hallenturnier Senioren<\/td>\n<td width=\"166\">R\u00fcmlang<\/td>\n<td width=\"166\">Ausschreibung erfolgt<\/td>\n<\/tr>\n<tr>\n<td width=\"86\">05.02.2017<\/td>\n<td width=\"257\">Firmensport Hallenturnier Aktive<\/td>\n<td width=\"166\">R\u00fcmlang<\/td>\n<td width=\"166\">Ausschreibung erfolgt<\/td>\n<\/tr>\n<tr>\n<td width=\"86\">21.03.2017<\/td>\n<td width=\"257\">Vorstands-Sitzung<\/td>\n<td width=\"166\">Sonnenberg<\/td>\n<td width=\"166\">Einladung folgt<\/td>\n<\/tr>\n<tr>\n<td width=\"86\">10.06.2017<\/td>\n<td width=\"257\">ZKB Gr\u00fcmpelturnier<\/td>\n<td width=\"166\">Sonnenberg<\/td>\n<td width=\"166\">Ausschreibung folgt<\/td>\n<\/tr>\n<tr>\n<td width=\"86\">17.06.2017<\/td>\n<td width=\"257\">Firmensport Cupfinaltag<\/td>\n<td width=\"166\">Oberengstringen<\/td>\n<td width=\"166\">f\u00fcr qualifizierte Teams<\/td>\n<\/tr>\n<tr>\n<td width=\"86\">24.06.2017<\/td>\n<td width=\"257\">Firmensport Schweizermeisterschaft Aktive<\/td>\n<td width=\"166\">Oberengstringen<\/td>\n<td width=\"166\">f\u00fcr qualifizierte Teams<\/td>\n<\/tr>\n<tr>\n<td width=\"86\">25.06.2017<\/td>\n<td width=\"257\">Firmensport Schweizermeisterschaft Senioren<\/td>\n<td width=\"166\">Oberengstringen<\/td>\n<td width=\"166\">f\u00fcr qualifizierte Teams<\/td>\n<\/tr>\n<tr>\n<td width=\"86\">24.06.2017 25.06.2017<\/td>\n<td width=\"257\">Schweizerisches Kantonalbank Fussballturnier<\/td>\n<td width=\"166\">Fribourg<\/td>\n<td width=\"166\">Ausschreibung folgt<\/td>\n<\/tr>\n<tr>\n<td width=\"86\">27.06.2017<\/td>\n<td width=\"257\">Firmensport Obm\u00e4nnerversammlung<\/td>\n<td width=\"166\">noch offen<\/td>\n<td width=\"166\">Einladung folgt<\/td>\n<\/tr>\n<tr>\n<td width=\"86\">06.07.2017<\/td>\n<td width=\"257\">Generalversammlung<\/td>\n<td width=\"166\">Sonnenberg<\/td>\n<td width=\"166\">Einladung folgt<\/td>\n<\/tr>\n<\/tbody>\n<\/table>\n<\/div>\n","protected":false},"excerpt":{"rendered":"<p>Datum Anlass \/ Ereignis Ort Bemerkungen \/ Dokumentation 17.01.2017 Trainingsbeginn bei FIFA &nbsp; 20.01.2017 FC ZKB Jassturnier Sonnenberg Ausschreibung erfolgt 04.02.2017 Firmensport Hallenturnier Senioren R\u00fcmlang Ausschreibung erfolgt 05.02.2017 Firmensport Hallenturnier Aktive R\u00fcmlang Ausschreibung erfolgt 21.03.2017 Vorstands-Sitzung Sonnenberg Einladung folgt 10.06.2017 ZKB Gr\u00fcmpelturnier Sonnenberg Ausschreibung folgt 17.06.2017 Firmensport Cupfinaltag Oberengstringen f\u00fcr qualifizierte Teams 24.06.2017 Firmensport Schweizermeisterschaft [&hellip;]<\/p>\n","protected":false},"author":1,"featured_media":207,"parent":0,"menu_order":0,"comment_status":"closed","ping_status":"closed","template":"sektion.php","meta":{"footnotes":""},"class_list":["post-153","page","type-page","status-publish","has-post-thumbnail","hentry"],"_links":{"self":[{"href":"https:\/\/zkbsportclub.ch\/fussball\/wp-json\/wp\/v2\/pages\/153","targetHints":{"allow":["GET"]}}],"collection":[{"href":"https:\/\/zkbsportclub.ch\/fussball\/wp-json\/wp\/v2\/pages"}],"about":[{"href":"https:\/\/zkbsportclub.ch\/fussball\/wp-json\/wp\/v2\/types\/page"}],"author":[{"embeddable":true,"href":"https:\/\/zkbsportclub.ch\/fussball\/wp-json\/wp\/v2\/users\/1"}],"replies":[{"embeddable":true,"href":"https:\/\/zkbsportclub.ch\/fussball\/wp-json\/wp\/v2\/comments?post=153"}],"version-history":[{"count":17,"href":"https:\/\/zkbsportclub.ch\/fussball\/wp-json\/wp\/v2\/pages\/153\/revisions"}],"predecessor-version":[{"id":239,"href":"https:\/\/zkbsportclub.ch\/fussball\/wp-json\/wp\/v2\/pages\/153\/revisions\/239"}],"wp:featuredmedia":[{"embeddable":true,"href":"https:\/\/zkbsportclub.ch\/fussball\/wp-json\/wp\/v2\/media\/207"}],"wp:attachment":[{"href":"https:\/\/zkbsportclub.ch\/fussball\/wp-json\/wp\/v2\/media?parent=153"}],"curies":[{"name":"wp","href":"https:\/\/api.w.org\/{rel}","templated":true}]}}