{"id":5,"date":"2013-11-18T15:17:53","date_gmt":"2013-11-18T15:17:53","guid":{"rendered":"https:\/\/zkbsportclub.cheishockey\/?page_id=5"},"modified":"2025-08-19T13:20:16","modified_gmt":"2025-08-19T11:20:16","slug":"vorstand","status":"publish","type":"page","link":"https:\/\/zkbsportclub.ch\/eishockey\/vorstand\/","title":{"rendered":"Vorstand &amp; Kontakt"},"content":{"rendered":"<table class=\"table table-striped\">\n<tbody>\n<tr>\n<td>Pr\u00e4sident<\/td>\n<td>Andrea Vital \u2642<\/td>\n<td>extern<br \/>\nNatel: 079 452 62 52<br \/>\neMail G: <a href=\"mailto:andrea.vital@zurich.ch\">andrea.vital@zurich.ch<\/a><br \/>\neMail P: <a href=\"mailto:vitalandy@gmail.com\">vitalandy@gmail.com<\/a><\/td>\n<\/tr>\n<tr>\n<td>Vizepr\u00e4sident<\/td>\n<td>Christian Lagger<\/td>\n<td>extern<br \/>\neMail P: <a href=\"mailto:christian.lagger@yahoo.de\">christian.lagger@yahoo.de<\/a><\/td>\n<\/tr>\n<tr>\n<td>Kassier<\/td>\n<td>Stephan Graf<\/td>\n<td>Z\u00fcrcher Kantonalbank (Swisscanto), Grundhof<br \/>\nNatel:<br \/>\nTel G:<br \/>\neMail P: <a href=\"mailto:stephan.graf@swisscanto.ch\">stephan.graf@swisscanto.ch<\/a><\/td>\n<\/tr>\n<tr>\n<td>Beisitzer<\/td>\n<td>Andreas N\u00e4geli<\/td>\n<td>extern<br \/>\nNatel: 079 428 89 41<br \/>\neMail P: <a href=\"andreasnaegeli@gmx.ch\">andreasnaegeli@gmx.ch<\/a><\/td>\n<\/tr>\n<tr>\n<td>TK Chef<\/td>\n<td>Dave Morel<\/td>\n<td>extern<br \/>\nNatel: 079 247 05 58<br \/>\neMail: <a href=\"mailto:david.morel@nvc.ch\">david.morel@nvc.ch<\/a><\/td>\n<\/tr>\n<tr>\n<td>Aktuar<\/td>\n<td>J\u00fcrg Aminger<\/td>\n<td>extern<br \/>\neMail P: <a href=\"mailto:j.aminger@hispeed.ch\">j.aminger@hispeed.ch<\/a><\/td>\n<\/tr>\n<tr>\n<td>Material und Web<\/td>\n<td>Robin Bosshard<\/td>\n<td>extern<br \/>\neMail P: <a href=\"mailto:robin.bosshard@hotmail.com\">robin.bosshard@hotmail.com<\/a><\/td>\n<\/tr>\n<\/tbody>\n<\/table>\n<p>Haben Sie eine Frage, Lob, Kritik oder Anregungen zum EHC Z\u00fcrcher Killing Bulls? Dann schreiben Sie uns eine E-Mail an <a href=\"mailto:vorstand@killingbulls.ch\">vorstand@killingbulls.ch<\/a>.<\/p>\n","protected":false},"excerpt":{"rendered":"<p>Pr\u00e4sident Andrea Vital \u2642 extern Natel: 079 452 62 52 eMail G: andrea.vital@zurich.ch eMail P: vitalandy@gmail.com Vizepr\u00e4sident Christian Lagger extern eMail P: christian.lagger@yahoo.de Kassier Stephan Graf Z\u00fcrcher Kantonalbank (Swisscanto), Grundhof Natel: Tel G: eMail P: stephan.graf@swisscanto.ch Beisitzer Andreas N\u00e4geli extern Natel: 079 428 89 41 eMail P: andreasnaegeli@gmx.ch TK Chef Dave Morel extern Natel: 079 [&hellip;]<\/p>\n","protected":false},"author":10,"featured_media":0,"parent":0,"menu_order":0,"comment_status":"open","ping_status":"closed","template":"sektion.php","meta":{"footnotes":""},"class_list":["post-5","page","type-page","status-publish","hentry"],"_links":{"self":[{"href":"https:\/\/zkbsportclub.ch\/eishockey\/wp-json\/wp\/v2\/pages\/5","targetHints":{"allow":["GET"]}}],"collection":[{"href":"https:\/\/zkbsportclub.ch\/eishockey\/wp-json\/wp\/v2\/pages"}],"about":[{"href":"https:\/\/zkbsportclub.ch\/eishockey\/wp-json\/wp\/v2\/types\/page"}],"author":[{"embeddable":true,"href":"https:\/\/zkbsportclub.ch\/eishockey\/wp-json\/wp\/v2\/users\/10"}],"replies":[{"embeddable":true,"href":"https:\/\/zkbsportclub.ch\/eishockey\/wp-json\/wp\/v2\/comments?post=5"}],"version-history":[{"count":25,"href":"https:\/\/zkbsportclub.ch\/eishockey\/wp-json\/wp\/v2\/pages\/5\/revisions"}],"predecessor-version":[{"id":681,"href":"https:\/\/zkbsportclub.ch\/eishockey\/wp-json\/wp\/v2\/pages\/5\/revisions\/681"}],"wp:attachment":[{"href":"https:\/\/zkbsportclub.ch\/eishockey\/wp-json\/wp\/v2\/media?parent=5"}],"curies":[{"name":"wp","href":"https:\/\/api.w.org\/{rel}","templated":true}]}}