{"id":276,"date":"2014-04-13T14:59:22","date_gmt":"2014-04-13T14:59:22","guid":{"rendered":"https:\/\/zkbsportclub.ch\/eishockey\/?page_id=276"},"modified":"2025-04-08T16:27:12","modified_gmt":"2025-04-08T14:27:12","slug":"statuten-beitrittserklarung","status":"publish","type":"page","link":"https:\/\/zkbsportclub.ch\/eishockey\/statuten-beitrittserklarung\/","title":{"rendered":"Statuten &amp; Beitrittserkl\u00e4rung"},"content":{"rendered":"\n<p>Wenn Sie bei uns Mitglied werden wollen, senden Sie die ausgef\u00fcllte und unterschriebene Beitrittserkl\u00e4rung an die darin angegebene Adresse.<\/p>\n\n\n\n<p><a href=\"https:\/\/zkbsportclub.ch\/eishockey\/wp-content\/uploads\/sites\/25\/2025\/04\/Formular-Beitrittserklaerung-EHC-ZKB.pdf\">Beitrittserkl\u00e4rung EHC Z\u00fcrcher Killing Bulls<\/a><\/p>\n\n\n\n<p>Zudem m\u00fcssen Sie nach erfolgreicher Aufnahme im Club das LSV Formular ausf\u00fcllen (Pflicht f\u00fcr Killing Bulls Mitglieder):<\/p>\n\n\n\n<p><a href=\"https:\/\/zkbsportclub.ch\/eishockey\/wp-content\/uploads\/sites\/25\/2017\/11\/Vorlage-LSV_Formular.pdf\">Vorlage LSV_Formular<\/a><\/p>\n\n\n\n<h3 class=\"wp-block-heading\">Unsere Statuten<\/h3>\n\n\n\n<p><a href=\"https:\/\/zkbsportclub.ch\/eishockey\/wp-content\/uploads\/sites\/25\/2021\/08\/Statuten-EHC-Zuercher-Killing-Bulls-2021-08.pdf\">Statuten EHC Z\u00fcrcher Killing Bulls 2021 08<\/a><\/p>\n","protected":false},"excerpt":{"rendered":"<p>Wenn Sie bei uns Mitglied werden wollen, senden Sie die ausgef\u00fcllte und unterschriebene Beitrittserkl\u00e4rung an die darin angegebene Adresse. Beitrittserkl\u00e4rung EHC Z\u00fcrcher Killing Bulls Zudem m\u00fcssen Sie nach erfolgreicher Aufnahme im Club das LSV Formular ausf\u00fcllen (Pflicht f\u00fcr Killing Bulls Mitglieder): Vorlage LSV_Formular Unsere Statuten Statuten EHC Z\u00fcrcher Killing Bulls 2021 08<\/p>\n","protected":false},"author":10,"featured_media":0,"parent":0,"menu_order":0,"comment_status":"open","ping_status":"closed","template":"sektion.php","meta":{"footnotes":""},"class_list":["post-276","page","type-page","status-publish","hentry"],"_links":{"self":[{"href":"https:\/\/zkbsportclub.ch\/eishockey\/wp-json\/wp\/v2\/pages\/276","targetHints":{"allow":["GET"]}}],"collection":[{"href":"https:\/\/zkbsportclub.ch\/eishockey\/wp-json\/wp\/v2\/pages"}],"about":[{"href":"https:\/\/zkbsportclub.ch\/eishockey\/wp-json\/wp\/v2\/types\/page"}],"author":[{"embeddable":true,"href":"https:\/\/zkbsportclub.ch\/eishockey\/wp-json\/wp\/v2\/users\/10"}],"replies":[{"embeddable":true,"href":"https:\/\/zkbsportclub.ch\/eishockey\/wp-json\/wp\/v2\/comments?post=276"}],"version-history":[{"count":17,"href":"https:\/\/zkbsportclub.ch\/eishockey\/wp-json\/wp\/v2\/pages\/276\/revisions"}],"predecessor-version":[{"id":675,"href":"https:\/\/zkbsportclub.ch\/eishockey\/wp-json\/wp\/v2\/pages\/276\/revisions\/675"}],"wp:attachment":[{"href":"https:\/\/zkbsportclub.ch\/eishockey\/wp-json\/wp\/v2\/media?parent=276"}],"curies":[{"name":"wp","href":"https:\/\/api.w.org\/{rel}","templated":true}]}}