{"id":301,"date":"2015-03-16T16:32:10","date_gmt":"2015-03-16T16:32:10","guid":{"rendered":"https:\/\/zkbsportclub.ch\/boccia\/?page_id=301"},"modified":"2015-03-16T16:33:24","modified_gmt":"2015-03-16T16:33:24","slug":"links","status":"publish","type":"page","link":"https:\/\/zkbsportclub.ch\/boccia\/links\/","title":{"rendered":"Links"},"content":{"rendered":"<p><strong><a href=\"http:\/\/www.boccia-basel.ch\">www.boccia-basel.ch<\/a>\u00a0<\/strong>wird vom SFS CH-Sparten-Pr\u00e4sident Claude Vitoux f\u00fcr die 4 Regionen Basel, Innerschweiz, Ostschweiz und Z\u00fcrich betrieben<\/p>\n<p><strong><a href=\"http:\/\/www.firmensport.ch\">www.firmensport.ch<\/a>\u00a0<\/strong>SFS Zentralvorstand<strong>\u00a0 \u00a0<\/strong><\/p>\n<p><strong><a href=\"http:\/\/www.bocciaclub.ch\">www.bocciaclub.ch<\/a>\u00a0<\/strong>Website des Bocciaclubs Bassersdorf<\/p>\n<p><strong><a href=\"http:\/\/www.federbocce.ch\">www.federbocce.ch<\/a>\u00a0<\/strong>Schweizerischer Boccia-Verband \u00a0(Techn.Reglement)<\/p>\n","protected":false},"excerpt":{"rendered":"<p>www.boccia-basel.ch\u00a0wird vom SFS CH-Sparten-Pr\u00e4sident Claude Vitoux f\u00fcr die 4 Regionen Basel, Innerschweiz, Ostschweiz und Z\u00fcrich betrieben www.firmensport.ch\u00a0SFS Zentralvorstand\u00a0 \u00a0 www.bocciaclub.ch\u00a0Website des Bocciaclubs Bassersdorf www.federbocce.ch\u00a0Schweizerischer Boccia-Verband \u00a0(Techn.Reglement)<\/p>\n","protected":false},"author":1,"featured_media":0,"parent":0,"menu_order":0,"comment_status":"open","ping_status":"closed","template":"sektion.php","meta":{"footnotes":""},"class_list":["post-301","page","type-page","status-publish","hentry"],"_links":{"self":[{"href":"https:\/\/zkbsportclub.ch\/boccia\/wp-json\/wp\/v2\/pages\/301","targetHints":{"allow":["GET"]}}],"collection":[{"href":"https:\/\/zkbsportclub.ch\/boccia\/wp-json\/wp\/v2\/pages"}],"about":[{"href":"https:\/\/zkbsportclub.ch\/boccia\/wp-json\/wp\/v2\/types\/page"}],"author":[{"embeddable":true,"href":"https:\/\/zkbsportclub.ch\/boccia\/wp-json\/wp\/v2\/users\/1"}],"replies":[{"embeddable":true,"href":"https:\/\/zkbsportclub.ch\/boccia\/wp-json\/wp\/v2\/comments?post=301"}],"version-history":[{"count":3,"href":"https:\/\/zkbsportclub.ch\/boccia\/wp-json\/wp\/v2\/pages\/301\/revisions"}],"predecessor-version":[{"id":305,"href":"https:\/\/zkbsportclub.ch\/boccia\/wp-json\/wp\/v2\/pages\/301\/revisions\/305"}],"wp:attachment":[{"href":"https:\/\/zkbsportclub.ch\/boccia\/wp-json\/wp\/v2\/media?parent=301"}],"curies":[{"name":"wp","href":"https:\/\/api.w.org\/{rel}","templated":true}]}}